{"id":4648,"date":"2021-08-15T13:15:02","date_gmt":"2021-08-15T16:15:02","guid":{"rendered":"https:\/\/www.bligraf.com\/arg\/?page_id=4648"},"modified":"2021-08-31T12:43:45","modified_gmt":"2021-08-31T15:43:45","slug":"nosotros","status":"publish","type":"page","link":"https:\/\/www.bligraf.com\/arg\/nosotros\/","title":{"rendered":"Nosotros"},"content":{"rendered":"<section class=\"wpb-content-wrapper\"><p>[vc_row css=&#8221;.vc_custom_1457685907032{margin-bottom: 100px !important;}&#8221;][vc_column css=&#8221;.vc_custom_1607694597389{padding-top: 3% !important;}&#8221;]<div class=\" heading-center\"><div class=\"custom-heading   \"  ><h2>LA EMPRESA<\/h2><span class=\"custom-heading-delim\" style=\"width:30px;\"><\/span><\/div><\/div>[vc_column_text]En nuestro portfolio de servicios integramos una amplia oferta comercial vinculada con el visual packaging, entre los que se destacan el copacking, armado de promociones, finishing y fulfillment. En todos los casos, hemos formado alianzas estrat\u00e9gicas con destacados proveedores que nos permite ampliar la oferta de servicios, adecu\u00e1ndola a las necesidades de cada cliente.<br \/>\nNuestro compromiso es ofrecer excelencia en los procesos productivos, en la atenci\u00f3n al cliente y en el control de calidad. Nuestra experiencia, nos permite ofrecer esta amplia gama de soluciones que dan como resultado, beneficios favorables en las diferentes instancias de la gesti\u00f3n de packaging.<br \/>\nNuestra empresa sigue un camino estrat\u00e9gico muy claro: brindarle productos de alta calidad al cliente, con una constante inversi\u00f3n en investigaci\u00f3n y desarrollo, como as\u00ed tambi\u00e9n en tecnolog\u00eda, colaborando con el medio ambiente.<br \/>\nNuestro activo m\u00e1s valioso es la superaci\u00f3n constante, prueba de ello es el continuo desarrollo de envases en materiales especiales, que hacen de Bligraf la primera y \u00fanica empresa argentina en dar un servicio integral de Visual Packaging.[\/vc_column_text][\/vc_column][\/vc_row][vc_row full_width=&#8221;stretch_row&#8221; css=&#8221;.vc_custom_1458809702853{background-color: #f6f6f6 !important;}&#8221;][vc_column][vc_row_inner][vc_column_inner]<div class=\" heading-center\"><div class=\"custom-heading   \"  ><h2>NUESTRO EQUIPO<\/h2><span class=\"lead\">Lo m\u00e1s valioso que tenemos en Bligraf, el grupo humano.<\/span><span class=\"custom-heading-delim\" style=\"width:30px;\"><\/span><\/div><\/div>\n\t\t\t<!-- START Team REVOLUTION SLIDER 6.6.14 --><p class=\"rs-p-wp-fix\"><\/p>\n\t\t\t<rs-module-wrap id=\"rev_slider_2_1_wrapper\" data-source=\"gallery\" style=\"visibility:hidden;background:#000000;padding:0;margin:0px auto;margin-top:0;margin-bottom:0;\">\n\t\t\t\t<rs-module id=\"rev_slider_2_1\" style=\"\" data-version=\"6.6.14\">\n\t\t\t\t\t<rs-slides style=\"overflow: hidden; position: absolute;\">\n\t\t\t\t\t\t<rs-slide style=\"position: absolute;\" data-key=\"rs-5\" data-title=\"Web Show\" data-anim=\"adpr:false;e:slidingoverlay;ms:2000;\" data-in=\"x:(100%);\">\n\t\t\t\t\t\t\t<img decoding=\"async\" src=\"\/\/www.bligraf.com\/arg\/wp-content\/plugins\/revslider\/public\/assets\/assets\/dummy.png\" alt=\"Web Show\" title=\"Nosotros\" class=\"rev-slidebg tp-rs-img rs-lazyload\" data-lazyload=\"\/\/www.bligraf.com\/arg\/wp-content\/plugins\/revslider\/public\/assets\/assets\/transparent.png\" data-bg=\"c:#606060;\" data-no-retina>\n<!--\n\t\t\t\t\t\t\t--><rs-layer\n\t\t\t\t\t\t\t\tid=\"slider-2-slide-5-layer-0\" \n\t\t\t\t\t\t\t\tdata-type=\"image\"\n\t\t\t\t\t\t\t\tdata-rsp_ch=\"on\"\n\t\t\t\t\t\t\t\tdata-xy=\"x:c;y:m;yo:-1px,0,0,0;\"\n\t\t\t\t\t\t\t\tdata-text=\"w:normal;s:20,16,12,7;l:0,20,15,9;\"\n\t\t\t\t\t\t\t\tdata-dim=\"w:1239px,1101px,836px,515px;h:285px,253px,192px,118px;\"\n\t\t\t\t\t\t\t\tdata-frame_999=\"o:0;st:w;\"\n\t\t\t\t\t\t\t\tstyle=\"z-index:5;\"\n\t\t\t\t\t\t\t><img decoding=\"async\" src=\"\/\/www.bligraf.com\/arg\/wp-content\/plugins\/revslider\/public\/assets\/assets\/dummy.png\" alt=\"\" class=\"tp-rs-img rs-lazyload\" width=\"1200\" height=\"276\" data-lazyload=\"\/\/www.bligraf.com\/arg\/wp-content\/uploads\/revslider\/full-service-1\/Team.jpg\" data-no-retina> \n\t\t\t\t\t\t\t<\/rs-layer><!--\n-->\t\t\t\t\t\t<\/rs-slide>\n\t\t\t\t\t<\/rs-slides>\n\t\t\t\t<\/rs-module>\n\t\t\t\t<script>\n\t\t\t\t\tsetREVStartSize({c: 'rev_slider_2_1',rl:[1240,1024,778,480],el:[350,768,960,720],gw:[1240,1024,778,480],gh:[350,768,960,720],type:'standard',justify:'',layout:'fullwidth',mh:\"0\"});if (window.RS_MODULES!==undefined && window.RS_MODULES.modules!==undefined && window.RS_MODULES.modules[\"revslider21\"]!==undefined) {window.RS_MODULES.modules[\"revslider21\"].once = false;window.revapi2 = undefined;if (window.RS_MODULES.checkMinimal!==undefined) window.RS_MODULES.checkMinimal()}\n\t\t\t\t<\/script>\n\t\t\t<\/rs-module-wrap>\n\t\t\t<!-- END REVOLUTION SLIDER -->\n[\/vc_column_inner][\/vc_row_inner][vc_empty_space height=&#8221;80px&#8221;][\/vc_column][\/vc_row][vc_row font_color=&#8221;#ffffff&#8221; el_id=&#8221;mision&#8221;][vc_column][vc_tta_accordion style=&#8221;flat&#8221; shape=&#8221;square&#8221; color=&#8221;green&#8221; active_section=&#8221;1&#8243; css_animation=&#8221;fadeIn&#8221;][vc_tta_section title=&#8221;Prop\u00f3sito&#8221; tab_id=&#8221;1627330435525-fabebb12-5a50&#8243;][vc_column_text]Ser mejores personas como individuos y como equipo, a trav\u00e9s de la educaci\u00f3n y la capacitaci\u00f3n constante, dando lo mejor de s\u00ed, para lograr superar las expectativas de calidad y servicio al cliente.[\/vc_column_text][\/vc_tta_section][vc_tta_section title=&#8221;Visi\u00f3n&#8221; tab_id=&#8221;1606427238300-3d779f3c-acea&#8221;][vc_column_text css=&#8221;.vc_custom_1627330615918{padding-top: 32px !important;padding-right: 32px !important;padding-bottom: 32px !important;padding-left: 32px !important;}&#8221;]<\/p>\n<p style=\"font-weight: 400;\">Proveer soluciones integrales de\u00a0<strong>Packaging y empaque<\/strong>, que aporten el mayor valor agregado al negocio de nuestros clientes, la comunidad y el ambiente.<\/p>\n<p>[\/vc_column_text][\/vc_tta_section][vc_tta_section title=&#8221;Valores&#8221; tab_id=&#8221;1606427313309-a1810a8f-120c&#8221;][vc_column_text css=&#8221;.vc_custom_1627330638672{padding-top: 32px !important;padding-right: 32px !important;padding-bottom: 32px !important;padding-left: 32px !important;}&#8221;]<\/p>\n<p style=\"font-weight: 400;\"><strong>RESPONSABILIDAD y COMPROMISO:<\/strong>\u00a0en nuestro trabajo diario con nuestros clientes, la comunidad\u00a0y el ambiente.<\/p>\n<p style=\"font-weight: 400;\"><strong>CALIDAD:<\/strong>\u00a0 En todo nuestro proceso de producci\u00f3n, desde la materia prima hasta el producto final.<\/p>\n<p style=\"font-weight: 400;\"><strong>SUPERACI\u00d3N:\u00a0<\/strong>entendemos\u00a0la mejora continua como el camino para alcanzar la excelencia.<\/p>\n<p style=\"font-weight: 400;\"><strong>TRABAJO EN EQUIPO:<\/strong>\u00a0Nuestra gente representa la base y el futuro de nuestros \u00e9xitos. Estamos comprometidos en ofrecer un entorno seguro y saludable con oportunidades de aprendizaje y valorando la diversidad de las personas.<\/p>\n<p style=\"font-weight: 400;\"><strong>EXCELENCIA:<\/strong>\u00a0que nos permite construir relaciones a largo plazo con nuestros clientes.<\/p>\n<p style=\"font-weight: 400;\"><strong>CONFIANZA:<\/strong>\u00a0Basados en nuestra trayectoria y compromisos asumidos logramos relaciones a largo plazo.<\/p>\n<p style=\"font-weight: 400;\"><strong>TRIPLE IMPACTO:\u00a0<\/strong>Desarrollamos beneficios a nivel econ\u00f3mico, social y ambiental.<\/p>\n<p>[\/vc_column_text][\/vc_tta_section][\/vc_tta_accordion][\/vc_column][\/vc_row][vc_row][vc_column][vc_column_text]<\/p>\n<h2>Pol\u00edtica de Calidad de la Empresa<\/h2>\n<p>[\/vc_column_text][vc_column_text]<\/p>\n<p style=\"text-align: justify;\">Nuestra Empresa tiene como fin prestar servicios de \u00f3ptima calidad y costo para satisfacer los requerimientos de nuestros clientes y sustentabilidad empresarial; para de esa forma, brindarles confianza logrando la fidelidad a trav\u00e9s del tiempo.<\/p>\n<p style=\"text-align: justify;\"><strong>Para ello, nos proponemos la siguiente pol\u00edtica de calidad:<\/strong><\/p>\n<ul style=\"text-align: justify;\">\n<li>Obtener una \u00f3ptima calidad en nuestros servicios y productos realizando los controles adecuados.<\/li>\n<li>Generar una respuesta positiva en el cliente en todos los aspectos de nuestro servicio, anterior, durante y posterior al mismo.<\/li>\n<li>Asegurar el compromiso de todo el personal con la seguridad en el trabajo y la preservaci\u00f3n del medio ambiente.<\/li>\n<li>Cumplir con los pactos establecidos.<\/li>\n<li>Promover la mejora continua del sistema de Calidad.<\/li>\n<\/ul>\n<p style=\"text-align: justify;\">Para cumplir con dicha Pol\u00edtica de Calidad nuestra Empresa adoptar\u00e1 los siguientes conceptos.<\/p>\n<p style=\"text-align: justify;\"><strong>Misi\u00f3n<\/strong><br \/>\nProveer soluciones integrales de Packaging y Empaque, que aporten el mayor valor al negocio de nuestros Clientes adapt\u00e1ndose a las necesidades de cambio del medio ambiente en general.<\/p>\n<p style=\"text-align: justify;\"><strong>Visi\u00f3n<\/strong><br \/>\nSer una empresa que se desarrolle de forma confiable y flexible, construyendo el cambio, afianzando el lazo con nuestros clientes en cada uno de sus proyectos, con una gesti\u00f3n que se anticipe y adapte f\u00e1cilmente a las necesidades del consumidor.<\/p>\n<p style=\"text-align: justify;\"><strong>Valores<\/strong><br \/>\nCumplir con los pactos establecidos cuidando la seguridad y el medio ambiente.<\/p>\n<p style=\"text-align: justify;\">C\u00f3digo: Pol\u00edtica de Calidad | Versi\u00f3n: 02 | Vigencia: 24-10-2016<\/p>\n<p>[\/vc_column_text][vc_single_image image=&#8221;4421&#8243;][\/vc_column][\/vc_row][vc_row full_width=&#8221;stretch_row&#8221; enable_overlay=&#8221;1&#8243; font_color=&#8221;#ffffff&#8221; overlay_image=&#8221;156&#8243; el_id=&#8221;contacto&#8221; css=&#8221;.vc_custom_1605891246395{margin-top: 0px !important;margin-right: 0px !important;margin-bottom: 0px !important;margin-left: 0px !important;border-top-width: 0px !important;border-right-width: 0px !important;border-bottom-width: 0px !important;border-left-width: 0px !important;padding-top: 0px !important;padding-right: 0px !important;padding-bottom: 0px !important;padding-left: 0px !important;background-color: #d8d9d8 !important;}&#8221;][vc_column css=&#8221;.vc_custom_1614687026076{margin-top: 0px !important;margin-right: 0px !important;margin-bottom: 0px !important;margin-left: 0px !important;border-top-width: 0px !important;border-right-width: 0px !important;border-bottom-width: 0px !important;border-left-width: 0px !important;padding-top: 0px !important;padding-right: 0px !important;padding-bottom: 0px !important;padding-left: 0px !important;}&#8221; offset=&#8221;vc_hidden-sm vc_hidden-xs&#8221;][vc_empty_space height=&#8221;115px&#8221;][vc_row_inner equal_height=&#8221;yes&#8221; content_placement=&#8221;middle&#8221;][vc_column_inner width=&#8221;1\/2&#8243; css=&#8221;.vc_custom_1605817381369{padding-right: 15% !important;padding-left: 15% !important;}&#8221;][vc_column_text]<div id=\"quform-a9f63a\" class=\"quform quform-4 quform-support-page-caching\"><form id=\"quform-form-a9f63a\" class=\"quform-form quform-form-4\" action=\"\/arg\/wp-json\/wp\/v2\/pages\/4648#quform-a9f63a\" method=\"post\" enctype=\"multipart\/form-data\" novalidate=\"novalidate\" data-options=\"{&quot;id&quot;:4,&quot;uniqueId&quot;:&quot;a9f63a&quot;,&quot;theme&quot;:&quot;&quot;,&quot;ajax&quot;:true,&quot;logic&quot;:{&quot;logic&quot;:[],&quot;dependents&quot;:[],&quot;elementIds&quot;:[],&quot;dependentElementIds&quot;:[],&quot;animate&quot;:true},&quot;currentPageId&quot;:1,&quot;errorsIcon&quot;:&quot;&quot;,&quot;updateFancybox&quot;:true,&quot;hasPages&quot;:false,&quot;pages&quot;:[1],&quot;pageProgressType&quot;:&quot;numbers&quot;,&quot;tooltipsEnabled&quot;:true,&quot;tooltipClasses&quot;:&quot;qtip-quform-dark qtip-shadow&quot;,&quot;tooltipMy&quot;:&quot;left center&quot;,&quot;tooltipAt&quot;:&quot;right center&quot;,&quot;isRtl&quot;:false,&quot;scrollOffset&quot;:-50,&quot;scrollSpeed&quot;:800}\"><button class=\"quform-default-submit\" name=\"quform_submit\" type=\"submit\" value=\"submit\" aria-hidden=\"true\" tabindex=\"-1\"><\/button><div class=\"quform-form-inner quform-form-inner-4\"><input type=\"hidden\" name=\"quform_form_id\" value=\"4\" \/><input type=\"hidden\" name=\"quform_form_uid\" value=\"a9f63a\" \/><input type=\"hidden\" name=\"quform_count\" value=\"1\" \/><input type=\"hidden\" name=\"form_url\" value=\"https:\/\/www.bligraf.com\/arg\/wp-json\/wp\/v2\/pages\/4648\" \/><input type=\"hidden\" name=\"referring_url\" value=\"\" \/><input type=\"hidden\" name=\"post_id\" value=\"\" \/><input type=\"hidden\" name=\"post_title\" value=\"\" \/><input type=\"hidden\" name=\"quform_current_page_id\" value=\"1\" \/><input type=\"hidden\" name=\"quform_csrf_token\" value=\"CPbE57Kf70B2dbSBzXCaS8ZVeanDXZPHSZLdSNc0\" \/><div class=\"quform-elements quform-elements-4 quform-cf quform-responsive-elements-phone-landscape\"><div class=\"quform-element quform-element-page quform-page-1 quform-page-4_1 quform-cf quform-group-style-plain quform-first-page quform-last-page quform-current-page\"><div class=\"quform-child-elements\"><div class=\"quform-element quform-element-name quform-element-4_3 quform-cf quform-element-optional\"><div class=\"quform-spacer\"><div class=\"quform-inner quform-inner-name quform-inner-4_3\"><div class=\"quform-input quform-input-name quform-input-4_3 quform-cf\"><div class=\"quform-element-row quform-2-columns quform-element-row-size-fixed quform-responsive-columns-phone-landscape\"><div class=\"quform-element-column\"><div class=\"quform-element quform-element-text quform-element-4_3_2 quform-cf quform-element-optional\"><div class=\"quform-spacer\"><div class=\"quform-inner quform-inner-text quform-inner-4_3_2\"><div class=\"quform-input quform-input-text quform-input-4_3_2 quform-cf\"><input type=\"text\" id=\"quform_4_3_2_a9f63a\" name=\"quform_4_3[2]\" class=\"quform-field quform-field-text quform-field-4_3_2\" placeholder=\"Nombre\" \/><\/div><\/div><\/div><\/div><\/div><div class=\"quform-element-column\"><div class=\"quform-element quform-element-text quform-element-4_3_4 quform-cf quform-element-optional\"><div class=\"quform-spacer\"><div class=\"quform-inner quform-inner-text quform-inner-4_3_4\"><div class=\"quform-input quform-input-text quform-input-4_3_4 quform-cf\"><input type=\"text\" id=\"quform_4_3_4_a9f63a\" name=\"quform_4_3[4]\" class=\"quform-field quform-field-text quform-field-4_3_4\" placeholder=\"Apellido\" \/><\/div><\/div><\/div><\/div><\/div><\/div><\/div><\/div><\/div><\/div><div class=\"quform-element quform-element-email quform-element-4_4 quform-cf quform-element-required\"><div class=\"quform-spacer\"><div class=\"quform-inner quform-inner-email quform-inner-4_4\"><div class=\"quform-input quform-input-email quform-input-4_4 quform-cf\"><input type=\"email\" id=\"quform_4_4_a9f63a\" name=\"quform_4_4\" class=\"quform-field quform-field-email quform-field-4_4\" placeholder=\"Email\" \/><\/div><\/div><\/div><\/div><div class=\"quform-element quform-element-textarea quform-element-4_5 quform-cf quform-element-required\"><div class=\"quform-spacer\"><div class=\"quform-inner quform-inner-textarea quform-inner-4_5\"><div class=\"quform-input quform-input-textarea quform-input-4_5 quform-cf\"><textarea id=\"quform_4_5_a9f63a\" name=\"quform_4_5\" class=\"quform-field quform-field-textarea quform-field-4_5\" placeholder=\"Consulta\"><\/textarea><\/div><\/div><\/div><\/div><div class=\"quform-element quform-element-recaptcha quform-element-4_12 quform-cf quform-element-required\"><div class=\"quform-spacer\"><div class=\"quform-label quform-label-4_12\"><label class=\"quform-label-text\">\u00bfEs usted humano?<span class=\"quform-required\">*<\/span><\/label><\/div><div class=\"quform-inner quform-inner-recaptcha quform-inner-4_12\"><div class=\"quform-input quform-input-recaptcha quform-input-4_12 quform-cf\"><div class=\"quform-hcaptcha\" data-config=\"{&quot;sitekey&quot;:&quot;c846cc84-d236-483f-964b-f7123db554a9&quot;,&quot;size&quot;:&quot;normal&quot;,&quot;theme&quot;:&quot;light&quot;}\"><\/div><noscript>Please enable JavaScript to submit this form.<\/noscript><\/div><\/div><\/div><\/div><div class=\"quform-element quform-element-submit quform-element-4_2 quform-cf quform-button-style-theme quform-button-width-full\"><div class=\"quform-button-submit quform-button-submit-default quform-button-submit-4_2\"><button name=\"quform_submit\" type=\"submit\" class=\"quform-submit\" value=\"submit\"><span class=\"quform-button-text quform-button-submit-text\">Enviar<\/span><\/button><\/div><div class=\"quform-loading quform-loading-position-left quform-loading-type-spinner-1\"><div class=\"quform-loading-inner\"><div class=\"quform-loading-spinner\"><div class=\"quform-loading-spinner-inner\"><\/div><\/div><\/div><\/div><\/div><div class=\"quform-element-tree\"><label for=\"quform_4_0_a9f63a\">This field should be left blank<\/label><input type=\"text\" id=\"quform_4_0_a9f63a\" name=\"quform_4_0\" class=\"quform-field quform-field-tree quform-field-4_0\" tabindex=\"-1\" autocomplete=\"off\" \/><\/div><\/div><\/div><\/div><\/div><\/form><\/div>[\/vc_column_text][\/vc_column_inner][vc_column_inner width=&#8221;1\/2&#8243; css=&#8221;.vc_custom_1605817389246{padding-right: 15% !important;padding-left: 15% !important;}&#8221;]<div class=\" text-left\"><div class=\" custom-heading\"  ><h2 style=\"font-weight:800; font-size: 55px; color: #0a0a0a !important; \">MANT\u00c9NGASE<\/h2><span class=\"\" style=\"font-size: 55px; color: #ffffff !important; \">EN CONTACTO<\/span><\/div><\/div>[\/vc_column_inner][\/vc_row_inner][vc_empty_space height=&#8221;115px&#8221;][\/vc_column][\/vc_row][vc_row full_width=&#8221;stretch_row&#8221; enable_overlay=&#8221;1&#8243; font_color=&#8221;#ffffff&#8221; overlay_image=&#8221;156&#8243; css=&#8221;.vc_custom_1605891246395{margin-top: 0px !important;margin-right: 0px !important;margin-bottom: 0px !important;margin-left: 0px !important;border-top-width: 0px !important;border-right-width: 0px !important;border-bottom-width: 0px !important;border-left-width: 0px !important;padding-top: 0px !important;padding-right: 0px !important;padding-bottom: 0px !important;padding-left: 0px !important;background-color: #d8d9d8 !important;}&#8221;][vc_column css=&#8221;.vc_custom_1614687045775{margin-top: 0px !important;margin-right: 0px !important;margin-bottom: 0px !important;margin-left: 0px !important;border-top-width: 0px !important;border-right-width: 0px !important;border-bottom-width: 0px !important;border-left-width: 0px !important;padding-top: 0px !important;padding-right: 0px !important;padding-bottom: 0px !important;padding-left: 0px !important;}&#8221; offset=&#8221;vc_hidden-lg vc_hidden-md&#8221;][vc_empty_space height=&#8221;115px&#8221;]<div class=\" text-left\"><div class=\" custom-heading\"  ><h2 style=\"font-weight:800; font-size: 40px; color: #0a0a0a !important; \">MANT\u00c9NGASE<\/h2><span class=\"\" style=\"font-size: 35px; color: #ffffff !important; \">EN CONTACTO<\/span><\/div><\/div>[vc_row_inner equal_height=&#8221;yes&#8221; content_placement=&#8221;middle&#8221;][vc_column_inner css=&#8221;.vc_custom_1605817381369{padding-right: 15% !important;padding-left: 15% !important;}&#8221;][vc_empty_space height=&#8221;32&#8243;][vc_column_text]<div id=\"quform-715fc5\" class=\"quform quform-4 quform-support-page-caching\"><form id=\"quform-form-715fc5\" class=\"quform-form quform-form-4\" action=\"\/arg\/wp-json\/wp\/v2\/pages\/4648#quform-715fc5\" method=\"post\" enctype=\"multipart\/form-data\" novalidate=\"novalidate\" data-options=\"{&quot;id&quot;:4,&quot;uniqueId&quot;:&quot;715fc5&quot;,&quot;theme&quot;:&quot;&quot;,&quot;ajax&quot;:true,&quot;logic&quot;:{&quot;logic&quot;:[],&quot;dependents&quot;:[],&quot;elementIds&quot;:[],&quot;dependentElementIds&quot;:[],&quot;animate&quot;:true},&quot;currentPageId&quot;:1,&quot;errorsIcon&quot;:&quot;&quot;,&quot;updateFancybox&quot;:true,&quot;hasPages&quot;:false,&quot;pages&quot;:[1],&quot;pageProgressType&quot;:&quot;numbers&quot;,&quot;tooltipsEnabled&quot;:true,&quot;tooltipClasses&quot;:&quot;qtip-quform-dark qtip-shadow&quot;,&quot;tooltipMy&quot;:&quot;left center&quot;,&quot;tooltipAt&quot;:&quot;right center&quot;,&quot;isRtl&quot;:false,&quot;scrollOffset&quot;:-50,&quot;scrollSpeed&quot;:800}\"><button class=\"quform-default-submit\" name=\"quform_submit\" type=\"submit\" value=\"submit\" aria-hidden=\"true\" tabindex=\"-1\"><\/button><div class=\"quform-form-inner quform-form-inner-4\"><input type=\"hidden\" name=\"quform_form_id\" value=\"4\" \/><input type=\"hidden\" name=\"quform_form_uid\" value=\"715fc5\" \/><input type=\"hidden\" name=\"quform_count\" value=\"2\" \/><input type=\"hidden\" name=\"form_url\" value=\"https:\/\/www.bligraf.com\/arg\/wp-json\/wp\/v2\/pages\/4648\" \/><input type=\"hidden\" name=\"referring_url\" value=\"\" \/><input type=\"hidden\" name=\"post_id\" value=\"\" \/><input type=\"hidden\" name=\"post_title\" value=\"\" \/><input type=\"hidden\" name=\"quform_current_page_id\" value=\"1\" \/><input type=\"hidden\" name=\"quform_csrf_token\" value=\"CPbE57Kf70B2dbSBzXCaS8ZVeanDXZPHSZLdSNc0\" \/><div class=\"quform-elements quform-elements-4 quform-cf quform-responsive-elements-phone-landscape\"><div class=\"quform-element quform-element-page quform-page-1 quform-page-4_1 quform-cf quform-group-style-plain quform-first-page quform-last-page quform-current-page\"><div class=\"quform-child-elements\"><div class=\"quform-element quform-element-name quform-element-4_3 quform-cf quform-element-optional\"><div class=\"quform-spacer\"><div class=\"quform-inner quform-inner-name quform-inner-4_3\"><div class=\"quform-input quform-input-name quform-input-4_3 quform-cf\"><div class=\"quform-element-row quform-2-columns quform-element-row-size-fixed quform-responsive-columns-phone-landscape\"><div class=\"quform-element-column\"><div class=\"quform-element quform-element-text quform-element-4_3_2 quform-cf quform-element-optional\"><div class=\"quform-spacer\"><div class=\"quform-inner quform-inner-text quform-inner-4_3_2\"><div class=\"quform-input quform-input-text quform-input-4_3_2 quform-cf\"><input type=\"text\" id=\"quform_4_3_2_715fc5\" name=\"quform_4_3[2]\" class=\"quform-field quform-field-text quform-field-4_3_2\" placeholder=\"Nombre\" \/><\/div><\/div><\/div><\/div><\/div><div class=\"quform-element-column\"><div class=\"quform-element quform-element-text quform-element-4_3_4 quform-cf quform-element-optional\"><div class=\"quform-spacer\"><div class=\"quform-inner quform-inner-text quform-inner-4_3_4\"><div class=\"quform-input quform-input-text quform-input-4_3_4 quform-cf\"><input type=\"text\" id=\"quform_4_3_4_715fc5\" name=\"quform_4_3[4]\" class=\"quform-field quform-field-text quform-field-4_3_4\" placeholder=\"Apellido\" \/><\/div><\/div><\/div><\/div><\/div><\/div><\/div><\/div><\/div><\/div><div class=\"quform-element quform-element-email quform-element-4_4 quform-cf quform-element-required\"><div class=\"quform-spacer\"><div class=\"quform-inner quform-inner-email quform-inner-4_4\"><div class=\"quform-input quform-input-email quform-input-4_4 quform-cf\"><input type=\"email\" id=\"quform_4_4_715fc5\" name=\"quform_4_4\" class=\"quform-field quform-field-email quform-field-4_4\" placeholder=\"Email\" \/><\/div><\/div><\/div><\/div><div class=\"quform-element quform-element-textarea quform-element-4_5 quform-cf quform-element-required\"><div class=\"quform-spacer\"><div class=\"quform-inner quform-inner-textarea quform-inner-4_5\"><div class=\"quform-input quform-input-textarea quform-input-4_5 quform-cf\"><textarea id=\"quform_4_5_715fc5\" name=\"quform_4_5\" class=\"quform-field quform-field-textarea quform-field-4_5\" placeholder=\"Consulta\"><\/textarea><\/div><\/div><\/div><\/div><div class=\"quform-element quform-element-recaptcha quform-element-4_12 quform-cf quform-element-required\"><div class=\"quform-spacer\"><div class=\"quform-label quform-label-4_12\"><label class=\"quform-label-text\">\u00bfEs usted humano?<span class=\"quform-required\">*<\/span><\/label><\/div><div class=\"quform-inner quform-inner-recaptcha quform-inner-4_12\"><div class=\"quform-input quform-input-recaptcha quform-input-4_12 quform-cf\"><div class=\"quform-hcaptcha\" data-config=\"{&quot;sitekey&quot;:&quot;c846cc84-d236-483f-964b-f7123db554a9&quot;,&quot;size&quot;:&quot;normal&quot;,&quot;theme&quot;:&quot;light&quot;}\"><\/div><noscript>Please enable JavaScript to submit this form.<\/noscript><\/div><\/div><\/div><\/div><div class=\"quform-element quform-element-submit quform-element-4_2 quform-cf quform-button-style-theme quform-button-width-full\"><div class=\"quform-button-submit quform-button-submit-default quform-button-submit-4_2\"><button name=\"quform_submit\" type=\"submit\" class=\"quform-submit\" value=\"submit\"><span class=\"quform-button-text quform-button-submit-text\">Enviar<\/span><\/button><\/div><div class=\"quform-loading quform-loading-position-left quform-loading-type-spinner-1\"><div class=\"quform-loading-inner\"><div class=\"quform-loading-spinner\"><div class=\"quform-loading-spinner-inner\"><\/div><\/div><\/div><\/div><\/div><div class=\"quform-element-tree\"><label for=\"quform_4_0_715fc5\">This field should be left blank<\/label><input type=\"text\" id=\"quform_4_0_715fc5\" name=\"quform_4_0\" class=\"quform-field quform-field-tree quform-field-4_0\" tabindex=\"-1\" autocomplete=\"off\" \/><\/div><\/div><\/div><\/div><\/div><\/form><\/div>[\/vc_column_text][\/vc_column_inner][\/vc_row_inner][vc_empty_space height=&#8221;115px&#8221;][\/vc_column][\/vc_row]<\/p>\n<\/section>","protected":false},"excerpt":{"rendered":"<p>[vc_row css=&#8221;.vc_custom_1457685907032{margin-bottom: 100px !important;}&#8221;][vc_column css=&#8221;.vc_custom_1607694597389{padding-top: 3% !important;}&#8221;][vc_column_text]En nuestro portfolio de servicios integramos una amplia oferta comercial vinculada con el visual packaging, entre los que se destacan el copacking, armado de promociones, finishing y fulfillment. En todos los casos, hemos formado alianzas estrat\u00e9gicas con destacados proveedores que nos permite ampliar la oferta de servicios, adecu\u00e1ndola a [&hellip;]<\/p>\n","protected":false},"author":1,"featured_media":0,"parent":0,"menu_order":0,"comment_status":"closed","ping_status":"closed","template":"","meta":{"_joinchat":[],"footnotes":""},"_links":{"self":[{"href":"https:\/\/www.bligraf.com\/arg\/wp-json\/wp\/v2\/pages\/4648"}],"collection":[{"href":"https:\/\/www.bligraf.com\/arg\/wp-json\/wp\/v2\/pages"}],"about":[{"href":"https:\/\/www.bligraf.com\/arg\/wp-json\/wp\/v2\/types\/page"}],"author":[{"embeddable":true,"href":"https:\/\/www.bligraf.com\/arg\/wp-json\/wp\/v2\/users\/1"}],"replies":[{"embeddable":true,"href":"https:\/\/www.bligraf.com\/arg\/wp-json\/wp\/v2\/comments?post=4648"}],"version-history":[{"count":4,"href":"https:\/\/www.bligraf.com\/arg\/wp-json\/wp\/v2\/pages\/4648\/revisions"}],"predecessor-version":[{"id":7680,"href":"https:\/\/www.bligraf.com\/arg\/wp-json\/wp\/v2\/pages\/4648\/revisions\/7680"}],"wp:attachment":[{"href":"https:\/\/www.bligraf.com\/arg\/wp-json\/wp\/v2\/media?parent=4648"}],"curies":[{"name":"wp","href":"https:\/\/api.w.org\/{rel}","templated":true}]}}