{"id":4660,"date":"2021-07-18T22:15:30","date_gmt":"2021-07-18T22:15:30","guid":{"rendered":"https:\/\/branadc.com\/demo3\/?page_id=4280"},"modified":"2024-04-08T11:21:20","modified_gmt":"2024-04-08T14:21:20","slug":"division-esd","status":"publish","type":"page","link":"https:\/\/www.bligraf.com\/arg\/division-esd\/","title":{"rendered":"Divisi\u00f3n ESD"},"content":{"rendered":"<section class=\"wpb-content-wrapper\"><p>[vc_row full_width=&#8221;stretch_row&#8221; parallax=&#8221;content-moving&#8221; parallax_image=&#8221;4765&#8243; css_animation=&#8221;fadeIn&#8221; bg_type=&#8221;bg_color&#8221; bg_override=&#8221;full&#8221; font_color=&#8221;#ffffff&#8221; bg_color_value=&#8221;#000000&#8243; el_id=&#8221;contacto&#8221;][vc_column css=&#8221;.vc_custom_1629155383690{padding-top: 10% !important;padding-bottom: 10% !important;padding-left: 0px !important;}&#8221;][vc_empty_space][vc_row_inner][vc_column_inner width=&#8221;2\/3&#8243;][vc_column_text]<\/p>\n<h1>Divisi\u00f3n ESD<\/h1>\n<div class=\"et_pb_fullwidth_header_container left\">\n<div class=\"header-content-container center\">\n<div class=\"header-content\">\n<div class=\"et_pb_fullwidth_header_container center\">\n<div class=\"header-content-container center\">\n<div class=\"header-content\">\n<div class=\"et_pb_header_content_wrapper\">\n<div class=\"et_pb_slides\">\n<div class=\"et_pb_slide et_pb_slide_3 et_pb_bg_layout_dark et_pb_media_alignment_center et-pb-active-slide\" data-slide-id=\"et_pb_slide_3\">\n<div class=\"et_pb_container clearfix\">\n<div class=\"et_pb_slider_container_inner\">\n<div class=\"et_pb_slide_description\">\n<div class=\"et_pb_slide_content\">Bandejas antiest\u00e1ticas y Cajones conductivos<\/div>\n<\/div>\n<\/div>\n<\/div>\n<\/div>\n<\/div>\n<div class=\"et-pb-slider-arrows\"><\/div>\n<\/div>\n<\/div>\n<\/div>\n<\/div>\n<\/div>\n<\/div>\n<\/div>\n<p>[\/vc_column_text][vc_column_text]La\u00a0<strong>descarga electrost\u00e1tica<\/strong>\u00a0o\u00a0<strong>ESD<\/strong>\u00a0(en ingl\u00e9s, electrostatic discharge) consiste en una corriente el\u00e9ctrica de corta duraci\u00f3n que se da entre dos objetos cuando \u00e9stos entran en contacto, o bien cuando se aproximan a una distancia de unos pocos mil\u00edmetros.<\/p>\n<p>La ESD es una de las principales causas de fallas de componentes electr\u00f3nicos. Usualmente, el da\u00f1o que ocasiona no aparece como fallo al inicio de instalaci\u00f3n o prueba del equipo. Sin embargo, contin\u00faa degrad\u00e1ndolo con el tiempo, y ese deterioro acumulado conduce a un fallo total del componente en un per\u00edodo de d\u00edas, meses o a\u00f1os.[\/vc_column_text][vc_btn title=&#8221;Cajones Conductivos&#8221; style=&#8221;classic&#8221; shape=&#8221;square&#8221; color=&#8221;green&#8221; align=&#8221;left&#8221; css_animation=&#8221;fadeIn&#8221; css=&#8221;.vc_custom_1629199230894{padding-top: 20px !important;padding-right: 20px !important;padding-bottom: 20px !important;}&#8221; link=&#8221;url:https%3A%2F%2Fwww.bligraf.com%2Farg%2Fcajones-conductivos%2F|title:Cajones%20Conductivos&#8221;][\/vc_column_inner][vc_column_inner width=&#8221;1\/3&#8243;][vc_column_text]<div id=\"quform-f67530\" class=\"quform quform-4 quform-support-page-caching\"><form id=\"quform-form-f67530\" class=\"quform-form quform-form-4\" action=\"\/arg\/wp-json\/wp\/v2\/pages\/4660#quform-f67530\" method=\"post\" enctype=\"multipart\/form-data\" novalidate=\"novalidate\" data-options=\"{&quot;id&quot;:4,&quot;uniqueId&quot;:&quot;f67530&quot;,&quot;theme&quot;:&quot;&quot;,&quot;ajax&quot;:true,&quot;logic&quot;:{&quot;logic&quot;:[],&quot;dependents&quot;:[],&quot;elementIds&quot;:[],&quot;dependentElementIds&quot;:[],&quot;animate&quot;:true},&quot;currentPageId&quot;:1,&quot;errorsIcon&quot;:&quot;&quot;,&quot;updateFancybox&quot;:true,&quot;hasPages&quot;:false,&quot;pages&quot;:[1],&quot;pageProgressType&quot;:&quot;numbers&quot;,&quot;tooltipsEnabled&quot;:true,&quot;tooltipClasses&quot;:&quot;qtip-quform-dark qtip-shadow&quot;,&quot;tooltipMy&quot;:&quot;left center&quot;,&quot;tooltipAt&quot;:&quot;right center&quot;,&quot;isRtl&quot;:false,&quot;scrollOffset&quot;:-50,&quot;scrollSpeed&quot;:800}\"><button class=\"quform-default-submit\" name=\"quform_submit\" type=\"submit\" value=\"submit\" aria-hidden=\"true\" tabindex=\"-1\"><\/button><div class=\"quform-form-inner quform-form-inner-4\"><input type=\"hidden\" name=\"quform_form_id\" value=\"4\" \/><input type=\"hidden\" name=\"quform_form_uid\" value=\"f67530\" \/><input type=\"hidden\" name=\"quform_count\" value=\"1\" \/><input type=\"hidden\" name=\"form_url\" value=\"https:\/\/www.bligraf.com\/arg\/wp-json\/wp\/v2\/pages\/4660\" \/><input type=\"hidden\" name=\"referring_url\" value=\"\" \/><input type=\"hidden\" name=\"post_id\" value=\"\" \/><input type=\"hidden\" name=\"post_title\" value=\"\" \/><input type=\"hidden\" name=\"quform_current_page_id\" value=\"1\" \/><input type=\"hidden\" name=\"quform_csrf_token\" value=\"YqXPd2akXa0RydU8Q9BeMzQVkU16xWeREd2VRsDr\" \/><div class=\"quform-elements quform-elements-4 quform-cf quform-responsive-elements-phone-landscape\"><div class=\"quform-element quform-element-page quform-page-1 quform-page-4_1 quform-cf quform-group-style-plain quform-first-page quform-last-page quform-current-page\"><div class=\"quform-child-elements\"><div class=\"quform-element quform-element-name quform-element-4_3 quform-cf quform-element-optional\"><div class=\"quform-spacer\"><div class=\"quform-inner quform-inner-name quform-inner-4_3\"><div class=\"quform-input quform-input-name quform-input-4_3 quform-cf\"><div class=\"quform-element-row quform-2-columns quform-element-row-size-fixed quform-responsive-columns-phone-landscape\"><div class=\"quform-element-column\"><div class=\"quform-element quform-element-text quform-element-4_3_2 quform-cf quform-element-optional\"><div class=\"quform-spacer\"><div class=\"quform-inner quform-inner-text quform-inner-4_3_2\"><div class=\"quform-input quform-input-text quform-input-4_3_2 quform-cf\"><input type=\"text\" id=\"quform_4_3_2_f67530\" name=\"quform_4_3[2]\" class=\"quform-field quform-field-text quform-field-4_3_2\" placeholder=\"Nombre\" \/><\/div><\/div><\/div><\/div><\/div><div class=\"quform-element-column\"><div class=\"quform-element quform-element-text quform-element-4_3_4 quform-cf quform-element-optional\"><div class=\"quform-spacer\"><div class=\"quform-inner quform-inner-text quform-inner-4_3_4\"><div class=\"quform-input quform-input-text quform-input-4_3_4 quform-cf\"><input type=\"text\" id=\"quform_4_3_4_f67530\" name=\"quform_4_3[4]\" class=\"quform-field quform-field-text quform-field-4_3_4\" placeholder=\"Apellido\" \/><\/div><\/div><\/div><\/div><\/div><\/div><\/div><\/div><\/div><\/div><div class=\"quform-element quform-element-email quform-element-4_4 quform-cf quform-element-required\"><div class=\"quform-spacer\"><div class=\"quform-inner quform-inner-email quform-inner-4_4\"><div class=\"quform-input quform-input-email quform-input-4_4 quform-cf\"><input type=\"email\" id=\"quform_4_4_f67530\" name=\"quform_4_4\" class=\"quform-field quform-field-email quform-field-4_4\" placeholder=\"Email\" \/><\/div><\/div><\/div><\/div><div class=\"quform-element quform-element-textarea quform-element-4_5 quform-cf quform-element-required\"><div class=\"quform-spacer\"><div class=\"quform-inner quform-inner-textarea quform-inner-4_5\"><div class=\"quform-input quform-input-textarea quform-input-4_5 quform-cf\"><textarea id=\"quform_4_5_f67530\" name=\"quform_4_5\" class=\"quform-field quform-field-textarea quform-field-4_5\" placeholder=\"Consulta\"><\/textarea><\/div><\/div><\/div><\/div><div class=\"quform-element quform-element-recaptcha quform-element-4_12 quform-cf quform-element-required\"><div class=\"quform-spacer\"><div class=\"quform-label quform-label-4_12\"><label class=\"quform-label-text\">\u00bfEs usted humano?<span class=\"quform-required\">*<\/span><\/label><\/div><div class=\"quform-inner quform-inner-recaptcha quform-inner-4_12\"><div class=\"quform-input quform-input-recaptcha quform-input-4_12 quform-cf\"><div class=\"quform-hcaptcha\" data-config=\"{&quot;sitekey&quot;:&quot;c846cc84-d236-483f-964b-f7123db554a9&quot;,&quot;size&quot;:&quot;normal&quot;,&quot;theme&quot;:&quot;light&quot;}\"><\/div><noscript>Please enable JavaScript to submit this form.<\/noscript><\/div><\/div><\/div><\/div><div class=\"quform-element quform-element-submit quform-element-4_2 quform-cf quform-button-style-theme quform-button-width-full\"><div class=\"quform-button-submit quform-button-submit-default quform-button-submit-4_2\"><button name=\"quform_submit\" type=\"submit\" class=\"quform-submit\" value=\"submit\"><span class=\"quform-button-text quform-button-submit-text\">Enviar<\/span><\/button><\/div><div class=\"quform-loading quform-loading-position-left quform-loading-type-spinner-1\"><div class=\"quform-loading-inner\"><div class=\"quform-loading-spinner\"><div class=\"quform-loading-spinner-inner\"><\/div><\/div><\/div><\/div><\/div><div class=\"quform-element-tree\"><label for=\"quform_4_0_f67530\">This field should be left blank<\/label><input type=\"text\" id=\"quform_4_0_f67530\" name=\"quform_4_0\" class=\"quform-field quform-field-tree quform-field-4_0\" tabindex=\"-1\" autocomplete=\"off\" \/><\/div><\/div><\/div><\/div><\/div><\/form><\/div>[\/vc_column_text][\/vc_column_inner][\/vc_row_inner][vc_empty_space][\/vc_column][\/vc_row][vc_row][vc_column][vc_column_text]<\/p>\n<h2>\u00bfCu\u00e1l es la diferencia de Bligraf?<\/h2>\n<p>[\/vc_column_text][vc_separator color=&#8221;custom&#8221; align=&#8221;align_left&#8221; el_width=&#8221;10&#8243; accent_color=&#8221;#34a936&#8243;][vc_column_text]El\u00a0<strong>embalaje antiest\u00e1tico exclusivo<\/strong>\u00a0del cual disponemos cuenta con los principales beneficios:<\/p>\n<ul>\n<li>Proporcionar la protecci\u00f3n necesaria para ser utilizado tanto dentro como fuera de un \u00e1rea protegidda.<\/li>\n<li>Prevenir la generaci\u00f3n de carga.<\/li>\n<li>Proteger contra descargas y campos electrost\u00e1ticos.<\/li>\n<li>Las bandejas son realizadas a pedido del cliente y adaptadas a sus necesidades.<\/li>\n<\/ul>\n<p>Como siempre, seguimos trabajando para crear e implementar de manera cont\u00ednua productos y servicios destinados a satisfacer las necesidades de la industria del packaging, incrementando las\u00a0<strong>\u201cgarant\u00edas de calidad\u201d<\/strong>\u00a0para nuestros clientes[\/vc_column_text]<div class=\"carousel clients-carousel\" data-carousel-col=\"3\" data-carousel-dots=\"true\" data-carousel-margins=\"1\" data-carousel-autoplay=\"true\"data-carousel-autoplay-delay=\"1000\"><div><img decoding=\"async\" src=\"https:\/\/www.bligraf.com\/arg\/wp-content\/uploads\/2021\/08\/slide-bandejas-antiestaticas4.jpg\" alt=\"slide-bandejas-antiestaticas4\"><\/div><div><img decoding=\"async\" src=\"https:\/\/www.bligraf.com\/arg\/wp-content\/uploads\/2021\/08\/slide-bandejas-antiestaticas1.jpg\" alt=\"slide-bandejas-antiestaticas1\"><\/div><div><img decoding=\"async\" src=\"https:\/\/www.bligraf.com\/arg\/wp-content\/uploads\/2021\/08\/slide-bandejas-antiestaticas3.jpg\" alt=\"slide-bandejas-antiestaticas3\"><\/div><div><img decoding=\"async\" src=\"https:\/\/www.bligraf.com\/arg\/wp-content\/uploads\/2021\/08\/slide-bandejas-antiestaticas2.jpg\" alt=\"slide-bandejas-antiestaticas2\"><\/div><\/div>[vc_empty_space height=&#8221;55px&#8221;][vc_separator][\/vc_column][\/vc_row][vc_row css=&#8221;.vc_custom_1626648703348{padding-bottom: 5% !important;}&#8221;][vc_column][vc_row_inner][vc_column_inner width=&#8221;1\/2&#8243;][vc_column_text]<\/p>\n<h2>Beneficios de nuestras bandejas<\/h2>\n<p>[\/vc_column_text][vc_separator color=&#8221;custom&#8221; align=&#8221;align_left&#8221; el_width=&#8221;10&#8243; accent_color=&#8221;#34a936&#8243;][vc_column_text]El\u00a0<strong>embalaje antiest\u00e1tico<\/strong>\u00a0del cual dispone\u00a0<strong>Bligraf<\/strong>\u00a0cuenta como principales\u00a0<strong>beneficios<\/strong>:<\/p>\n<ul>\n<li>Proporcionar la protecci\u00f3n necesaria para ser utilizado tanto dentro como fuera de un \u00e1rea protegida.<\/li>\n<li>Prevenir la generaci\u00f3n de carga.<\/li>\n<li>Proteger contra descargas y campos electrost\u00e1ticos.<\/li>\n<li>Las bandejas son realizadas a pedido del cliente y adaptadas a sus necesidades.<\/li>\n<\/ul>\n<p>[\/vc_column_text][\/vc_column_inner][vc_column_inner width=&#8221;1\/2&#8243;][vc_column_text]<\/p>\n<h2>Nuestro Aliado<\/h2>\n<p>[\/vc_column_text][vc_separator color=&#8221;custom&#8221; align=&#8221;align_left&#8221; el_width=&#8221;10&#8243; accent_color=&#8221;#34a936&#8243;][vc_empty_space height=&#8221;50px&#8221;][vc_column_text]En Bligraf hemos realizado una alianza estrat\u00e9gica con\u00a0<strong>Storage Compat<\/strong>. A trav\u00e9s de la incorporaci\u00f3n de cajones conductivos, brindando un servicio a\u00fan m\u00e1s completo en el traslado de su l\u00ednea de productos.[\/vc_column_text][\/vc_column_inner][\/vc_row_inner][\/vc_column][\/vc_row][vc_row full_width=&#8221;stretch_row&#8221; gap=&#8221;15&#8243; equal_height=&#8221;yes&#8221; content_placement=&#8221;middle&#8221; el_class=&#8221;image-left-column&#8221; css=&#8221;.vc_custom_1626644950652{margin-top: 0px !important;margin-right: 0px !important;margin-bottom: 0px !important;margin-left: 0px !important;border-top-width: 2px !important;border-bottom-width: 0px !important;padding-top: 0px !important;padding-right: 0px !important;padding-bottom: 0px !important;padding-left: 0px !important;background-color: #e8e8e8 !important;border-top-color: #34a936 !important;border-top-style: solid !important;border-bottom-color: #34a936 !important;border-bottom-style: solid !important;}&#8221;][vc_column css=&#8221;.vc_custom_1626644961833{margin-top: 0px !important;margin-right: 0px !important;margin-bottom: 0px !important;margin-left: 0px !important;border-top-width: 0px !important;border-right-width: 0px !important;border-bottom-width: 0px !important;border-left-width: 0px !important;padding-top: 0px !important;padding-right: 0px !important;padding-bottom: 0px !important;padding-left: 0px !important;background-position: center !important;background-repeat: no-repeat !important;background-size: cover !important;}&#8221;][vc_column_text]<\/p>\n<div class=\"sketchfab-embed-wrapper\"><iframe loading=\"lazy\" title=\"BANDEJA ESD\" src=\"https:\/\/sketchfab.com\/models\/d90bd9cab8ec4cf7a3233826dd80f659\/embed?ui_infos=0\" width=\"100%\" height=\"480\" frameborder=\"0\" allowfullscreen=\"allowfullscreen\"> <\/iframe><\/div>\n<p>[\/vc_column_text][\/vc_column][\/vc_row][vc_row font_color=&#8221;#ffffff&#8221;][vc_column width=&#8221;1\/3&#8243; css=&#8221;.vc_custom_1626635762526{border-top-width: 1px !important;padding-bottom: 32px !important;background-position: center !important;background-repeat: no-repeat !important;background-size: cover !important;}&#8221;][\/vc_column][vc_column width=&#8221;1\/3&#8243;][vc_btn title=&#8221;Cajones Conductivos&#8221; shape=&#8221;square&#8221; color=&#8221;black&#8221; size=&#8221;lg&#8221; align=&#8221;center&#8221; button_block=&#8221;true&#8221; link=&#8221;url:https%3A%2F%2Fwww.bligraf.com%2Farg%2Fcajones-conductivos%2F|title:Cajones%20Conductivos&#8221;][\/vc_column][vc_column width=&#8221;1\/3&#8243;][\/vc_column][\/vc_row][vc_row full_width=&#8221;stretch_row&#8221; equal_height=&#8221;yes&#8221; content_placement=&#8221;middle&#8221; css=&#8221;.vc_custom_1709240345668{margin-top: 0px !important;margin-right: 0px !important;margin-bottom: 0px !important;margin-left: 0px !important;border-top-width: 0px !important;border-right-width: 0px !important;border-bottom-width: 0px !important;border-left-width: 0px !important;padding-top: 0px !important;padding-right: 0px !important;padding-bottom: 0px !important;padding-left: 0px !important;background-color: #eaeaea !important;}&#8221;][vc_column][vc_row_inner equal_height=&#8221;yes&#8221; content_placement=&#8221;middle&#8221;][vc_column_inner width=&#8221;1\/2&#8243; css=&#8221;.vc_custom_1709240100293{padding-top: 32px !important;padding-right: 32px !important;padding-bottom: 32px !important;padding-left: 32px !important;}&#8221;][vc_single_image image=&#8221;8258&#8243; img_size=&#8221;full&#8221; alignment=&#8221;center&#8221;][\/vc_column_inner][vc_column_inner width=&#8221;1\/2&#8243;][vc_column_text]<\/p>\n<h3 style=\"text-align: center;\"><em>\u00bfNecesit\u00e1s m\u00e1s de un servicio?<\/em><br \/>\n<em>Conoc\u00e9 nuestro<\/em><\/h3>\n<p>[\/vc_column_text][vc_btn title=&#8221;FULL SERVICE&#8221; style=&#8221;classic&#8221; shape=&#8221;round&#8221; color=&#8221;green&#8221; size=&#8221;lg&#8221; align=&#8221;center&#8221; css_animation=&#8221;bounceIn&#8221; link=&#8221;url:https%3A%2F%2Fwww.bligraf.com%2Farg%2Ffull-service-esp%2F|title:Full%20Service%20Esp&#8221; css=&#8221;.vc_custom_1709240484231{padding-top: 10px !important;padding-right: 42px !important;padding-bottom: 10px !important;padding-left: 42px !important;}&#8221;][\/vc_column_inner][\/vc_row_inner][\/vc_column][\/vc_row]<\/p>\n<\/section>","protected":false},"excerpt":{"rendered":"<p>[vc_row full_width=&#8221;stretch_row&#8221; parallax=&#8221;content-moving&#8221; parallax_image=&#8221;4765&#8243; css_animation=&#8221;fadeIn&#8221; bg_type=&#8221;bg_color&#8221; bg_override=&#8221;full&#8221; font_color=&#8221;#ffffff&#8221; bg_color_value=&#8221;#000000&#8243; el_id=&#8221;contacto&#8221;][vc_column css=&#8221;.vc_custom_1629155383690{padding-top: 10% !important;padding-bottom: 10% !important;padding-left: 0px !important;}&#8221;][vc_empty_space][vc_row_inner][vc_column_inner width=&#8221;2\/3&#8243;][vc_column_text] Divisi\u00f3n ESD Bandejas antiest\u00e1ticas y Cajones conductivos [\/vc_column_text][vc_column_text]La\u00a0descarga electrost\u00e1tica\u00a0o\u00a0ESD\u00a0(en ingl\u00e9s, electrostatic discharge) consiste en una corriente el\u00e9ctrica de corta duraci\u00f3n que se da entre dos objetos cuando \u00e9stos entran en contacto, o bien cuando se aproximan a [&hellip;]<\/p>\n","protected":false},"author":1,"featured_media":0,"parent":0,"menu_order":0,"comment_status":"closed","ping_status":"closed","template":"","meta":{"_joinchat":[],"footnotes":""},"_links":{"self":[{"href":"https:\/\/www.bligraf.com\/arg\/wp-json\/wp\/v2\/pages\/4660"}],"collection":[{"href":"https:\/\/www.bligraf.com\/arg\/wp-json\/wp\/v2\/pages"}],"about":[{"href":"https:\/\/www.bligraf.com\/arg\/wp-json\/wp\/v2\/types\/page"}],"author":[{"embeddable":true,"href":"https:\/\/www.bligraf.com\/arg\/wp-json\/wp\/v2\/users\/1"}],"replies":[{"embeddable":true,"href":"https:\/\/www.bligraf.com\/arg\/wp-json\/wp\/v2\/comments?post=4660"}],"version-history":[{"count":12,"href":"https:\/\/www.bligraf.com\/arg\/wp-json\/wp\/v2\/pages\/4660\/revisions"}],"predecessor-version":[{"id":8265,"href":"https:\/\/www.bligraf.com\/arg\/wp-json\/wp\/v2\/pages\/4660\/revisions\/8265"}],"wp:attachment":[{"href":"https:\/\/www.bligraf.com\/arg\/wp-json\/wp\/v2\/media?parent=4660"}],"curies":[{"name":"wp","href":"https:\/\/api.w.org\/{rel}","templated":true}]}}