{"id":4662,"date":"2021-07-18T21:38:42","date_gmt":"2021-07-18T21:38:42","guid":{"rendered":"https:\/\/branadc.com\/demo3\/?page_id=4323"},"modified":"2024-04-08T11:20:47","modified_gmt":"2024-04-08T14:20:47","slug":"division-alimentos","status":"publish","type":"page","link":"https:\/\/www.bligraf.com\/arg\/division-alimentos\/","title":{"rendered":"Divisi\u00f3n Alimentos"},"content":{"rendered":"<section class=\"wpb-content-wrapper\"><p>[vc_row full_width=&#8221;stretch_row&#8221; parallax=&#8221;content-moving&#8221; parallax_image=&#8221;4775&#8243; css_animation=&#8221;fadeIn&#8221; bg_type=&#8221;bg_color&#8221; bg_override=&#8221;full&#8221; font_color=&#8221;#ffffff&#8221; bg_color_value=&#8221;#000000&#8243; el_id=&#8221;contacto&#8221;][vc_column css=&#8221;.vc_custom_1629155919890{padding-top: 10% !important;padding-bottom: 10% !important;padding-left: 0px !important;}&#8221;][vc_empty_space][vc_row_inner][vc_column_inner width=&#8221;2\/3&#8243;][vc_column_text]<\/p>\n<h1>Divisi\u00f3n Alimentos<\/h1>\n<div class=\"et_pb_fullwidth_header_container left\">\n<div class=\"header-content-container center\">\n<div class=\"header-content\"><span class=\"et_pb_fullwidth_header_subhead\">Contamos con una fuerte experiencia en la industria de alimentaci\u00f3n<\/span><\/div>\n<\/div>\n<\/div>\n<p>[\/vc_column_text][vc_column_text]El traslado de alimentos requiere ser realizado en recipientes capaces de contenerlos y protegerlos. En\u00a0<strong>Bligraf<\/strong>\u00a0contamos con fuerte experiencia en la industria de alimentaci\u00f3n, y nos especializamos en el desarrollo de bandejas para sandwichs, pastas, golosina y chocolater\u00eda entre otros alimentos. Nuestro servicio integral de matricer\u00eda nos permite producir tanto en peque\u00f1as como en grandes escalas, y a bajo costo.<\/p>\n<p>Brindamos la posibilidad de dise\u00f1ar y fabricar bandejas exclusivas \u2013 personalizadas a las necesidades del cliente a trav\u00e9s del termoformado \u2013 como tambi\u00e9n disponemos de bandejas est\u00e1ndar, tanto en PET como en PET-POL.[\/vc_column_text][\/vc_column_inner][vc_column_inner width=&#8221;1\/3&#8243;][vc_column_text]<div id=\"quform-963611\" class=\"quform quform-4 quform-support-page-caching\"><form id=\"quform-form-963611\" class=\"quform-form quform-form-4\" action=\"\/arg\/wp-json\/wp\/v2\/pages\/4662#quform-963611\" method=\"post\" enctype=\"multipart\/form-data\" novalidate=\"novalidate\" data-options=\"{&quot;id&quot;:4,&quot;uniqueId&quot;:&quot;963611&quot;,&quot;theme&quot;:&quot;&quot;,&quot;ajax&quot;:true,&quot;logic&quot;:{&quot;logic&quot;:[],&quot;dependents&quot;:[],&quot;elementIds&quot;:[],&quot;dependentElementIds&quot;:[],&quot;animate&quot;:true},&quot;currentPageId&quot;:1,&quot;errorsIcon&quot;:&quot;&quot;,&quot;updateFancybox&quot;:true,&quot;hasPages&quot;:false,&quot;pages&quot;:[1],&quot;pageProgressType&quot;:&quot;numbers&quot;,&quot;tooltipsEnabled&quot;:true,&quot;tooltipClasses&quot;:&quot;qtip-quform-dark qtip-shadow&quot;,&quot;tooltipMy&quot;:&quot;left center&quot;,&quot;tooltipAt&quot;:&quot;right center&quot;,&quot;isRtl&quot;:false,&quot;scrollOffset&quot;:-50,&quot;scrollSpeed&quot;:800}\"><button class=\"quform-default-submit\" name=\"quform_submit\" type=\"submit\" value=\"submit\" aria-hidden=\"true\" tabindex=\"-1\"><\/button><div class=\"quform-form-inner quform-form-inner-4\"><input type=\"hidden\" name=\"quform_form_id\" value=\"4\" \/><input type=\"hidden\" name=\"quform_form_uid\" value=\"963611\" \/><input type=\"hidden\" name=\"quform_count\" value=\"1\" \/><input type=\"hidden\" name=\"form_url\" value=\"https:\/\/www.bligraf.com\/arg\/wp-json\/wp\/v2\/pages\/4662\" \/><input type=\"hidden\" name=\"referring_url\" value=\"\" \/><input type=\"hidden\" name=\"post_id\" value=\"\" \/><input type=\"hidden\" name=\"post_title\" value=\"\" \/><input type=\"hidden\" name=\"quform_current_page_id\" value=\"1\" \/><input type=\"hidden\" name=\"quform_csrf_token\" value=\"YD1F1dqJ9xGCOnkSUObRKj4j0oBRBDrtEIfUJgnk\" \/><div class=\"quform-elements quform-elements-4 quform-cf quform-responsive-elements-phone-landscape\"><div class=\"quform-element quform-element-page quform-page-1 quform-page-4_1 quform-cf quform-group-style-plain quform-first-page quform-last-page quform-current-page\"><div class=\"quform-child-elements\"><div class=\"quform-element quform-element-name quform-element-4_3 quform-cf quform-element-optional\"><div class=\"quform-spacer\"><div class=\"quform-inner quform-inner-name quform-inner-4_3\"><div class=\"quform-input quform-input-name quform-input-4_3 quform-cf\"><div class=\"quform-element-row quform-2-columns quform-element-row-size-fixed quform-responsive-columns-phone-landscape\"><div class=\"quform-element-column\"><div class=\"quform-element quform-element-text quform-element-4_3_2 quform-cf quform-element-optional\"><div class=\"quform-spacer\"><div class=\"quform-inner quform-inner-text quform-inner-4_3_2\"><div class=\"quform-input quform-input-text quform-input-4_3_2 quform-cf\"><input type=\"text\" id=\"quform_4_3_2_963611\" name=\"quform_4_3[2]\" class=\"quform-field quform-field-text quform-field-4_3_2\" placeholder=\"Nombre\" \/><\/div><\/div><\/div><\/div><\/div><div class=\"quform-element-column\"><div class=\"quform-element quform-element-text quform-element-4_3_4 quform-cf quform-element-optional\"><div class=\"quform-spacer\"><div class=\"quform-inner quform-inner-text quform-inner-4_3_4\"><div class=\"quform-input quform-input-text quform-input-4_3_4 quform-cf\"><input type=\"text\" id=\"quform_4_3_4_963611\" name=\"quform_4_3[4]\" class=\"quform-field quform-field-text quform-field-4_3_4\" placeholder=\"Apellido\" \/><\/div><\/div><\/div><\/div><\/div><\/div><\/div><\/div><\/div><\/div><div class=\"quform-element quform-element-email quform-element-4_4 quform-cf quform-element-required\"><div class=\"quform-spacer\"><div class=\"quform-inner quform-inner-email quform-inner-4_4\"><div class=\"quform-input quform-input-email quform-input-4_4 quform-cf\"><input type=\"email\" id=\"quform_4_4_963611\" name=\"quform_4_4\" class=\"quform-field quform-field-email quform-field-4_4\" placeholder=\"Email\" \/><\/div><\/div><\/div><\/div><div class=\"quform-element quform-element-textarea quform-element-4_5 quform-cf quform-element-required\"><div class=\"quform-spacer\"><div class=\"quform-inner quform-inner-textarea quform-inner-4_5\"><div class=\"quform-input quform-input-textarea quform-input-4_5 quform-cf\"><textarea id=\"quform_4_5_963611\" name=\"quform_4_5\" class=\"quform-field quform-field-textarea quform-field-4_5\" placeholder=\"Consulta\"><\/textarea><\/div><\/div><\/div><\/div><div class=\"quform-element quform-element-recaptcha quform-element-4_12 quform-cf quform-element-required\"><div class=\"quform-spacer\"><div class=\"quform-label quform-label-4_12\"><label class=\"quform-label-text\">\u00bfEs usted humano?<span class=\"quform-required\">*<\/span><\/label><\/div><div class=\"quform-inner quform-inner-recaptcha quform-inner-4_12\"><div class=\"quform-input quform-input-recaptcha quform-input-4_12 quform-cf\"><div class=\"quform-hcaptcha\" data-config=\"{&quot;sitekey&quot;:&quot;c846cc84-d236-483f-964b-f7123db554a9&quot;,&quot;size&quot;:&quot;normal&quot;,&quot;theme&quot;:&quot;light&quot;}\"><\/div><noscript>Please enable JavaScript to submit this form.<\/noscript><\/div><\/div><\/div><\/div><div class=\"quform-element quform-element-submit quform-element-4_2 quform-cf quform-button-style-theme quform-button-width-full\"><div class=\"quform-button-submit quform-button-submit-default quform-button-submit-4_2\"><button name=\"quform_submit\" type=\"submit\" class=\"quform-submit\" value=\"submit\"><span class=\"quform-button-text quform-button-submit-text\">Enviar<\/span><\/button><\/div><div class=\"quform-loading quform-loading-position-left quform-loading-type-spinner-1\"><div class=\"quform-loading-inner\"><div class=\"quform-loading-spinner\"><div class=\"quform-loading-spinner-inner\"><\/div><\/div><\/div><\/div><\/div><div class=\"quform-element-tree\"><label for=\"quform_4_0_963611\">This field should be left blank<\/label><input type=\"text\" id=\"quform_4_0_963611\" name=\"quform_4_0\" class=\"quform-field quform-field-tree quform-field-4_0\" tabindex=\"-1\" autocomplete=\"off\" \/><\/div><\/div><\/div><\/div><\/div><\/form><\/div>[\/vc_column_text][\/vc_column_inner][\/vc_row_inner][vc_empty_space][\/vc_column][\/vc_row][vc_row gap=&#8221;15&#8243; equal_height=&#8221;yes&#8221; content_placement=&#8221;middle&#8221; el_class=&#8221;image-left-column&#8221; css=&#8221;.vc_custom_1606495019074{padding-top: 5% !important;}&#8221;][vc_column css=&#8221;.vc_custom_1606494852814{padding-bottom: 32px !important;background-color: #ffffff !important;background-position: center !important;background-repeat: no-repeat !important;background-size: cover !important;}&#8221;]<div class=\"carousel clients-carousel\" data-carousel-col=\"3\" data-carousel-dots=\"true\"  data-carousel-autoplay=\"true\"data-carousel-autoplay-delay=\"1000\"><div><img decoding=\"async\" src=\"https:\/\/www.bligraf.com\/arg\/wp-content\/uploads\/2021\/07\/14.jpg\" alt=\"14\"><\/div><div><img decoding=\"async\" src=\"https:\/\/www.bligraf.com\/arg\/wp-content\/uploads\/2021\/07\/12.jpg\" alt=\"12\"><\/div><div><img decoding=\"async\" src=\"https:\/\/www.bligraf.com\/arg\/wp-content\/uploads\/2021\/07\/11.jpg\" alt=\"11\"><\/div><div><img decoding=\"async\" src=\"https:\/\/www.bligraf.com\/arg\/wp-content\/uploads\/2021\/07\/10.jpg\" alt=\"10\"><\/div><div><img decoding=\"async\" src=\"https:\/\/www.bligraf.com\/arg\/wp-content\/uploads\/2021\/07\/9.jpg\" alt=\"9\"><\/div><div><img decoding=\"async\" src=\"https:\/\/www.bligraf.com\/arg\/wp-content\/uploads\/2021\/07\/8.jpg\" alt=\"8\"><\/div><div><img decoding=\"async\" src=\"https:\/\/www.bligraf.com\/arg\/wp-content\/uploads\/2021\/07\/7.jpg\" alt=\"7\"><\/div><div><img decoding=\"async\" src=\"https:\/\/www.bligraf.com\/arg\/wp-content\/uploads\/2021\/07\/6-1.jpg\" alt=\"6\"><\/div><\/div>[\/vc_column][\/vc_row][vc_row][vc_column][vc_empty_space height=&#8221;55px&#8221;][\/vc_column][\/vc_row][vc_row full_width=&#8221;stretch_row&#8221; gap=&#8221;15&#8243; equal_height=&#8221;yes&#8221; content_placement=&#8221;middle&#8221; el_class=&#8221;image-left-column&#8221; css=&#8221;.vc_custom_1626644950652{margin-top: 0px !important;margin-right: 0px !important;margin-bottom: 0px !important;margin-left: 0px !important;border-top-width: 2px !important;border-bottom-width: 0px !important;padding-top: 0px !important;padding-right: 0px !important;padding-bottom: 0px !important;padding-left: 0px !important;background-color: #e8e8e8 !important;border-top-color: #34a936 !important;border-top-style: solid !important;border-bottom-color: #34a936 !important;border-bottom-style: solid !important;}&#8221;][vc_column css=&#8221;.vc_custom_1626644961833{margin-top: 0px !important;margin-right: 0px !important;margin-bottom: 0px !important;margin-left: 0px !important;border-top-width: 0px !important;border-right-width: 0px !important;border-bottom-width: 0px !important;border-left-width: 0px !important;padding-top: 0px !important;padding-right: 0px !important;padding-bottom: 0px !important;padding-left: 0px !important;background-position: center !important;background-repeat: no-repeat !important;background-size: cover !important;}&#8221;][vc_column_text]<\/p>\n<div class=\"sketchfab-embed-wrapper\"><iframe loading=\"lazy\" title=\"BANDEJA PARA ALIMENTOS\" src=\"https:\/\/sketchfab.com\/models\/1069c7be67664cb8a66604bfbb7cacac\/embed?ui_infos=0\" width=\"100%\" height=\"480\" frameborder=\"0\" allowfullscreen=\"allowfullscreen\"> <\/iframe><\/div>\n<p>[\/vc_column_text][\/vc_column][\/vc_row][vc_row][vc_column width=&#8221;1\/3&#8243;][\/vc_column][vc_column width=&#8221;1\/3&#8243;][vc_btn title=&#8221;Nuestras Bandejas&#8221; style=&#8221;classic&#8221; shape=&#8221;square&#8221; color=&#8221;black&#8221; size=&#8221;lg&#8221; align=&#8221;center&#8221; button_block=&#8221;true&#8221; link=&#8221;url:https%3A%2F%2Fwww.bligraf.com%2Farg%2Fbandejas%2F|title:Bandejas&#8221;][\/vc_column][vc_column width=&#8221;1\/3&#8243;][\/vc_column][\/vc_row][vc_row full_width=&#8221;stretch_row&#8221; equal_height=&#8221;yes&#8221; content_placement=&#8221;middle&#8221; css=&#8221;.vc_custom_1709240345668{margin-top: 0px !important;margin-right: 0px !important;margin-bottom: 0px !important;margin-left: 0px !important;border-top-width: 0px !important;border-right-width: 0px !important;border-bottom-width: 0px !important;border-left-width: 0px !important;padding-top: 0px !important;padding-right: 0px !important;padding-bottom: 0px !important;padding-left: 0px !important;background-color: #eaeaea !important;}&#8221;][vc_column][vc_row_inner equal_height=&#8221;yes&#8221; content_placement=&#8221;middle&#8221;][vc_column_inner width=&#8221;1\/2&#8243; css=&#8221;.vc_custom_1709240100293{padding-top: 32px !important;padding-right: 32px !important;padding-bottom: 32px !important;padding-left: 32px !important;}&#8221;][vc_single_image image=&#8221;8258&#8243; img_size=&#8221;full&#8221; alignment=&#8221;center&#8221;][\/vc_column_inner][vc_column_inner width=&#8221;1\/2&#8243;][vc_column_text]<\/p>\n<h3 style=\"text-align: center;\"><em>\u00bfNecesit\u00e1s m\u00e1s de un servicio?<\/em><br \/>\n<em>Conoc\u00e9 nuestro<\/em><\/h3>\n<p>[\/vc_column_text][vc_btn title=&#8221;FULL SERVICE&#8221; style=&#8221;classic&#8221; shape=&#8221;round&#8221; color=&#8221;green&#8221; size=&#8221;lg&#8221; align=&#8221;center&#8221; css_animation=&#8221;bounceIn&#8221; link=&#8221;url:https%3A%2F%2Fwww.bligraf.com%2Farg%2Ffull-service-esp%2F|title:Full%20Service%20Esp&#8221; css=&#8221;.vc_custom_1709240484231{padding-top: 10px !important;padding-right: 42px !important;padding-bottom: 10px !important;padding-left: 42px !important;}&#8221;][\/vc_column_inner][\/vc_row_inner][\/vc_column][\/vc_row]<\/p>\n<\/section>","protected":false},"excerpt":{"rendered":"<p>[vc_row full_width=&#8221;stretch_row&#8221; parallax=&#8221;content-moving&#8221; parallax_image=&#8221;4775&#8243; css_animation=&#8221;fadeIn&#8221; bg_type=&#8221;bg_color&#8221; bg_override=&#8221;full&#8221; font_color=&#8221;#ffffff&#8221; bg_color_value=&#8221;#000000&#8243; el_id=&#8221;contacto&#8221;][vc_column css=&#8221;.vc_custom_1629155919890{padding-top: 10% !important;padding-bottom: 10% !important;padding-left: 0px !important;}&#8221;][vc_empty_space][vc_row_inner][vc_column_inner width=&#8221;2\/3&#8243;][vc_column_text] Divisi\u00f3n Alimentos Contamos con una fuerte experiencia en la industria de alimentaci\u00f3n [\/vc_column_text][vc_column_text]El traslado de alimentos requiere ser realizado en recipientes capaces de contenerlos y protegerlos. En\u00a0Bligraf\u00a0contamos con fuerte experiencia en la industria de alimentaci\u00f3n, y nos [&hellip;]<\/p>\n","protected":false},"author":1,"featured_media":0,"parent":0,"menu_order":0,"comment_status":"closed","ping_status":"closed","template":"","meta":{"_joinchat":[],"footnotes":""},"_links":{"self":[{"href":"https:\/\/www.bligraf.com\/arg\/wp-json\/wp\/v2\/pages\/4662"}],"collection":[{"href":"https:\/\/www.bligraf.com\/arg\/wp-json\/wp\/v2\/pages"}],"about":[{"href":"https:\/\/www.bligraf.com\/arg\/wp-json\/wp\/v2\/types\/page"}],"author":[{"embeddable":true,"href":"https:\/\/www.bligraf.com\/arg\/wp-json\/wp\/v2\/users\/1"}],"replies":[{"embeddable":true,"href":"https:\/\/www.bligraf.com\/arg\/wp-json\/wp\/v2\/comments?post=4662"}],"version-history":[{"count":22,"href":"https:\/\/www.bligraf.com\/arg\/wp-json\/wp\/v2\/pages\/4662\/revisions"}],"predecessor-version":[{"id":8264,"href":"https:\/\/www.bligraf.com\/arg\/wp-json\/wp\/v2\/pages\/4662\/revisions\/8264"}],"wp:attachment":[{"href":"https:\/\/www.bligraf.com\/arg\/wp-json\/wp\/v2\/media?parent=4662"}],"curies":[{"name":"wp","href":"https:\/\/api.w.org\/{rel}","templated":true}]}}