{"id":4665,"date":"2021-07-18T23:35:24","date_gmt":"2021-07-18T23:35:24","guid":{"rendered":"https:\/\/branadc.com\/demo3\/?page_id=4398"},"modified":"2024-07-29T09:42:03","modified_gmt":"2024-07-29T12:42:03","slug":"contacto","status":"publish","type":"page","link":"https:\/\/www.bligraf.com\/arg\/contacto\/","title":{"rendered":"Contacto"},"content":{"rendered":"<section class=\"wpb-content-wrapper\"><p>[vc_row css=&#8221;.vc_custom_1701449660389{padding-top: 15% !important;}&#8221; font_color=&#8221;#000000&#8243;][vc_column width=&#8221;1\/2&#8243;][vc_column_text]<\/p>\n<h3>informaci\u00f3n<\/h3>\n<p>En Bligraf somos\u00a0<strong>expertos en la creaci\u00f3n de imagen a trav\u00e9s del packaging visual<\/strong>. Desarrollamos de forma integral el\u00a0<strong>proceso de empaque\u00a0<\/strong>que abarca el\u00a0<strong>dise\u00f1o, la fabricaci\u00f3n y la manipulaci\u00f3n del envase.<\/strong><\/p>\n<p><strong>Direcci\u00f3n:<\/strong>\u00a0Panamericana Colectora Este Km. 56 Loma Verde, Escobar \u2013 Pcia de Buenos Aires \u2013 Argentina[\/vc_column_text][\/vc_column][vc_column width=&#8221;1\/2&#8243;][vc_column_text]<div id=\"quform-87efdd\" class=\"quform quform-4 quform-support-page-caching\"><form id=\"quform-form-87efdd\" class=\"quform-form quform-form-4\" action=\"\/arg\/wp-json\/wp\/v2\/pages\/4665#quform-87efdd\" method=\"post\" enctype=\"multipart\/form-data\" novalidate=\"novalidate\" data-options=\"{&quot;id&quot;:4,&quot;uniqueId&quot;:&quot;87efdd&quot;,&quot;theme&quot;:&quot;&quot;,&quot;ajax&quot;:true,&quot;logic&quot;:{&quot;logic&quot;:[],&quot;dependents&quot;:[],&quot;elementIds&quot;:[],&quot;dependentElementIds&quot;:[],&quot;animate&quot;:true},&quot;currentPageId&quot;:1,&quot;errorsIcon&quot;:&quot;&quot;,&quot;updateFancybox&quot;:true,&quot;hasPages&quot;:false,&quot;pages&quot;:[1],&quot;pageProgressType&quot;:&quot;numbers&quot;,&quot;tooltipsEnabled&quot;:true,&quot;tooltipClasses&quot;:&quot;qtip-quform-dark qtip-shadow&quot;,&quot;tooltipMy&quot;:&quot;left center&quot;,&quot;tooltipAt&quot;:&quot;right center&quot;,&quot;isRtl&quot;:false,&quot;scrollOffset&quot;:-50,&quot;scrollSpeed&quot;:800}\"><button class=\"quform-default-submit\" name=\"quform_submit\" type=\"submit\" value=\"submit\" aria-hidden=\"true\" tabindex=\"-1\"><\/button><div class=\"quform-form-inner quform-form-inner-4\"><input type=\"hidden\" name=\"quform_form_id\" value=\"4\" \/><input type=\"hidden\" name=\"quform_form_uid\" value=\"87efdd\" \/><input type=\"hidden\" name=\"quform_count\" value=\"1\" \/><input type=\"hidden\" name=\"form_url\" value=\"https:\/\/www.bligraf.com\/arg\/wp-json\/wp\/v2\/pages\/4665\" \/><input type=\"hidden\" name=\"referring_url\" value=\"\" \/><input type=\"hidden\" name=\"post_id\" value=\"\" \/><input type=\"hidden\" name=\"post_title\" value=\"\" \/><input type=\"hidden\" name=\"quform_current_page_id\" value=\"1\" \/><input type=\"hidden\" name=\"quform_csrf_token\" value=\"YK7eCBRuqZSWJBY889OxcDX2AKblbcyp3y0MIjxo\" \/><div class=\"quform-elements quform-elements-4 quform-cf quform-responsive-elements-phone-landscape\"><div class=\"quform-element quform-element-page quform-page-1 quform-page-4_1 quform-cf quform-group-style-plain quform-first-page quform-last-page quform-current-page\"><div class=\"quform-child-elements\"><div class=\"quform-element quform-element-name quform-element-4_3 quform-cf quform-element-optional\"><div class=\"quform-spacer\"><div class=\"quform-inner quform-inner-name quform-inner-4_3\"><div class=\"quform-input quform-input-name quform-input-4_3 quform-cf\"><div class=\"quform-element-row quform-2-columns quform-element-row-size-fixed quform-responsive-columns-phone-landscape\"><div class=\"quform-element-column\"><div class=\"quform-element quform-element-text quform-element-4_3_2 quform-cf quform-element-optional\"><div class=\"quform-spacer\"><div class=\"quform-inner quform-inner-text quform-inner-4_3_2\"><div class=\"quform-input quform-input-text quform-input-4_3_2 quform-cf\"><input type=\"text\" id=\"quform_4_3_2_87efdd\" name=\"quform_4_3[2]\" class=\"quform-field quform-field-text quform-field-4_3_2\" placeholder=\"Nombre\" \/><\/div><\/div><\/div><\/div><\/div><div class=\"quform-element-column\"><div class=\"quform-element quform-element-text quform-element-4_3_4 quform-cf quform-element-optional\"><div class=\"quform-spacer\"><div class=\"quform-inner quform-inner-text quform-inner-4_3_4\"><div class=\"quform-input quform-input-text quform-input-4_3_4 quform-cf\"><input type=\"text\" id=\"quform_4_3_4_87efdd\" name=\"quform_4_3[4]\" class=\"quform-field quform-field-text quform-field-4_3_4\" placeholder=\"Apellido\" \/><\/div><\/div><\/div><\/div><\/div><\/div><\/div><\/div><\/div><\/div><div class=\"quform-element quform-element-email quform-element-4_4 quform-cf quform-element-required\"><div class=\"quform-spacer\"><div class=\"quform-inner quform-inner-email quform-inner-4_4\"><div class=\"quform-input quform-input-email quform-input-4_4 quform-cf\"><input type=\"email\" id=\"quform_4_4_87efdd\" name=\"quform_4_4\" class=\"quform-field quform-field-email quform-field-4_4\" placeholder=\"Email\" \/><\/div><\/div><\/div><\/div><div class=\"quform-element quform-element-textarea quform-element-4_5 quform-cf quform-element-required\"><div class=\"quform-spacer\"><div class=\"quform-inner quform-inner-textarea quform-inner-4_5\"><div class=\"quform-input quform-input-textarea quform-input-4_5 quform-cf\"><textarea id=\"quform_4_5_87efdd\" name=\"quform_4_5\" class=\"quform-field quform-field-textarea quform-field-4_5\" placeholder=\"Consulta\"><\/textarea><\/div><\/div><\/div><\/div><div class=\"quform-element quform-element-recaptcha quform-element-4_12 quform-cf quform-element-required\"><div class=\"quform-spacer\"><div class=\"quform-label quform-label-4_12\"><label class=\"quform-label-text\">\u00bfEs usted humano?<span class=\"quform-required\">*<\/span><\/label><\/div><div class=\"quform-inner quform-inner-recaptcha quform-inner-4_12\"><div class=\"quform-input quform-input-recaptcha quform-input-4_12 quform-cf\"><div class=\"quform-hcaptcha\" data-config=\"{&quot;sitekey&quot;:&quot;c846cc84-d236-483f-964b-f7123db554a9&quot;,&quot;size&quot;:&quot;normal&quot;,&quot;theme&quot;:&quot;light&quot;}\"><\/div><noscript>Please enable JavaScript to submit this form.<\/noscript><\/div><\/div><\/div><\/div><div class=\"quform-element quform-element-submit quform-element-4_2 quform-cf quform-button-style-theme quform-button-width-full\"><div class=\"quform-button-submit quform-button-submit-default quform-button-submit-4_2\"><button name=\"quform_submit\" type=\"submit\" class=\"quform-submit\" value=\"submit\"><span class=\"quform-button-text quform-button-submit-text\">Enviar<\/span><\/button><\/div><div class=\"quform-loading quform-loading-position-left quform-loading-type-spinner-1\"><div class=\"quform-loading-inner\"><div class=\"quform-loading-spinner\"><div class=\"quform-loading-spinner-inner\"><\/div><\/div><\/div><\/div><\/div><div class=\"quform-element-tree\"><label for=\"quform_4_0_87efdd\">This field should be left blank<\/label><input type=\"text\" id=\"quform_4_0_87efdd\" name=\"quform_4_0\" class=\"quform-field quform-field-tree quform-field-4_0\" tabindex=\"-1\" autocomplete=\"off\" \/><\/div><\/div><\/div><\/div><\/div><\/form><\/div>[\/vc_column_text][\/vc_column][\/vc_row][vc_row css=&#8221;.vc_custom_1628968658755{padding-top: 15px !important;}&#8221;][vc_column][vc_gmaps link=&#8221;#E-8_JTNDaWZyYW1lJTIwc3JjJTNEJTIyaHR0cHMlM0ElMkYlMkZ3d3cuZ29vZ2xlLmNvbSUyRm1hcHMlMkZlbWJlZCUzRnBiJTNEJTIxMW0xOCUyMTFtMTIlMjExbTMlMjExZDMyOTUuMTMwNjgxMzMyMzQyNiUyMTJkLTU4Ljg1ODg0MzU4NDk3MDE4JTIxM2QtMzQuMzIxNjkxMTgwNTMzNDUlMjEybTMlMjExZjAlMjEyZjAlMjEzZjAlMjEzbTIlMjExaTEwMjQlMjEyaTc2OCUyMTRmMTMuMSUyMTNtMyUyMTFtMiUyMTFzMHg5NWJiNjM4ZGU5MDgxODNmJTI1M0EweGU3ZmNlNzFhNWRiY2Q1M2YlMjEyc0JsaWdyYWYlMjUyMFMuQS4lMjE1ZTAlMjEzbTIlMjExc2VzLTQxOSUyMTJzYXIlMjE0djE2Mjg3ODEzODg1MTAlMjE1bTIlMjExc2VzLTQxOSUyMTJzYXIlMjIlMjB3aWR0aCUzRCUyMjEwMCUyNSUyMiUyMGhlaWdodCUzRCUyMjQ1MCUyMiUyMHN0eWxlJTNEJTIyYm9yZGVyJTNBMCUzQiUyMiUyMGFsbG93ZnVsbHNjcmVlbiUzRCUyMiUyMiUyMGxvYWRpbmclM0QlMjJsYXp5JTIyJTNFJTNDJTJGaWZyYW1lJTNF&#8221;][\/vc_column][\/vc_row][vc_row][vc_column][vc_row_inner][vc_column_inner width=&#8221;1\/3&#8243;][vc_column_text]<\/p>\n<ul>\n<li><strong>Tel\u00e9fonos:<\/strong>\n<ul>\n<li><strong>Tel.:<\/strong> +54 (011) 7390-9560<\/li>\n<li><strong>Celular:<\/strong> +54 15-3729-4683<\/li>\n<\/ul>\n<\/li>\n<\/ul>\n<p>[\/vc_column_text][\/vc_column_inner][vc_column_inner width=&#8221;1\/3&#8243;][vc_column_text]<\/p>\n<ul>\n<li><strong>Desde el exterior:<\/strong>\n<ul>\n<li><strong>Tel.: <\/strong>+54 (011) 7390-9560<\/li>\n<li><strong>Celular:<\/strong>\u00a054 911-3729-4683<\/li>\n<\/ul>\n<\/li>\n<\/ul>\n<p>[\/vc_column_text][\/vc_column_inner][vc_column_inner width=&#8221;1\/3&#8243;][vc_column_text]<\/p>\n<ul>\n<li><strong>Para contactarse con la empresa:<\/strong>\u00a0<a href=\"mailto:info@bligraf.com\">info@bligraf.com<\/a><strong>Para ventas:<\/strong>\u00a0<a href=\"mailto:comercial@bligraf.com\">comercial@bligraf.com<\/a><\/li>\n<\/ul>\n<p>[\/vc_column_text][\/vc_column_inner][\/vc_row_inner][\/vc_column][\/vc_row]<\/p>\n<\/section>","protected":false},"excerpt":{"rendered":"<p>[vc_row css=&#8221;.vc_custom_1701449660389{padding-top: 15% !important;}&#8221; font_color=&#8221;#000000&#8243;][vc_column width=&#8221;1\/2&#8243;][vc_column_text] informaci\u00f3n En Bligraf somos\u00a0expertos en la creaci\u00f3n de imagen a trav\u00e9s del packaging visual. Desarrollamos de forma integral el\u00a0proceso de empaque\u00a0que abarca el\u00a0dise\u00f1o, la fabricaci\u00f3n y la manipulaci\u00f3n del envase. Direcci\u00f3n:\u00a0Panamericana Colectora Este Km. 56 Loma Verde, Escobar \u2013 Pcia de Buenos Aires \u2013 Argentina[\/vc_column_text][\/vc_column][vc_column width=&#8221;1\/2&#8243;][vc_column_text][\/vc_column_text][\/vc_column][\/vc_row][vc_row css=&#8221;.vc_custom_1628968658755{padding-top: 15px !important;}&#8221;][vc_column][vc_gmaps [&hellip;]<\/p>\n","protected":false},"author":1,"featured_media":0,"parent":0,"menu_order":0,"comment_status":"closed","ping_status":"closed","template":"","meta":{"_joinchat":[],"footnotes":""},"_links":{"self":[{"href":"https:\/\/www.bligraf.com\/arg\/wp-json\/wp\/v2\/pages\/4665"}],"collection":[{"href":"https:\/\/www.bligraf.com\/arg\/wp-json\/wp\/v2\/pages"}],"about":[{"href":"https:\/\/www.bligraf.com\/arg\/wp-json\/wp\/v2\/types\/page"}],"author":[{"embeddable":true,"href":"https:\/\/www.bligraf.com\/arg\/wp-json\/wp\/v2\/users\/1"}],"replies":[{"embeddable":true,"href":"https:\/\/www.bligraf.com\/arg\/wp-json\/wp\/v2\/comments?post=4665"}],"version-history":[{"count":4,"href":"https:\/\/www.bligraf.com\/arg\/wp-json\/wp\/v2\/pages\/4665\/revisions"}],"predecessor-version":[{"id":8381,"href":"https:\/\/www.bligraf.com\/arg\/wp-json\/wp\/v2\/pages\/4665\/revisions\/8381"}],"wp:attachment":[{"href":"https:\/\/www.bligraf.com\/arg\/wp-json\/wp\/v2\/media?parent=4665"}],"curies":[{"name":"wp","href":"https:\/\/api.w.org\/{rel}","templated":true}]}}