{"id":4670,"date":"2021-07-28T15:35:36","date_gmt":"2021-07-28T15:35:36","guid":{"rendered":"https:\/\/branadc.com\/demo3\/?page_id=4508"},"modified":"2021-07-28T15:35:36","modified_gmt":"2021-07-28T15:35:36","slug":"partners","status":"publish","type":"page","link":"https:\/\/www.bligraf.com\/arg\/partners\/","title":{"rendered":"Partners"},"content":{"rendered":"<section class=\"wpb-content-wrapper\"><p>[vc_row full_width=&#8221;stretch_row_content&#8221; equal_height=&#8221;yes&#8221; el_class=&#8221;image-left-column&#8221;][vc_column width=&#8221;1\/2&#8243; css=&#8221;.vc_custom_1627491872789{background-image: url(https:\/\/branadc.com\/demo3\/wp-content\/uploads\/sites\/4\/2021\/07\/bedford1-1.jpg?id=4511) !important;background-position: center !important;background-repeat: no-repeat !important;background-size: cover !important;}&#8221;][\/vc_column][vc_column width=&#8221;1\/2&#8243; css=&#8221;.vc_custom_1605822492013{padding-top: 60px !important;padding-right: 60px !important;padding-bottom: 60px !important;padding-left: 60px !important;}&#8221;][vc_separator color=&#8221;custom&#8221; align=&#8221;align_left&#8221; border_width=&#8221;2&#8243; el_width=&#8221;10&#8243; accent_color=&#8221;#2fa836&#8243; css=&#8221;.vc_custom_1605821901129{padding-top: 32px !important;padding-bottom: 32px !important;}&#8221;][vc_single_image image=&#8221;4436&#8243; img_size=&#8221;300&#215;85&#8243;][vc_column_text]Con 50 a\u00f1os de antig\u00fcedad, Industrias Bedford es una empresa l\u00edder en el desarrollo de soluciones de cierre e identificaci\u00f3n de packaging. Bedford aplica creatividad e innovaci\u00f3n para resolver problemas cotidianos de cierres de packaging, colaborando a mantener la frescura de los alimentos.[\/vc_column_text]<div class=\"text-right\"><a class=\"button border rounded custom\" href=\"https:\/\/branadc.com\/demo3\/bedford\/\" target=\"_self\" style=\"border-width:1px;border-color:#2fa836;background-color:#ffffff;color:#2fa836;\" data-animation=\"fadeIn\"data-animation-delay=\"500\"><span>M\u00e1s info<\/span><\/a><\/div>[\/vc_column][\/vc_row][vc_row full_width=&#8221;stretch_row_content&#8221; equal_height=&#8221;yes&#8221; css=&#8221;.vc_custom_1458826761814{background-position: center !important;background-repeat: no-repeat !important;background-size: cover !important;}&#8221; font_color=&#8221;#111111&#8243;][vc_column width=&#8221;1\/2&#8243; css=&#8221;.vc_custom_1605822351350{padding-top: 60px !important;padding-right: 60px !important;padding-bottom: 60px !important;padding-left: 60px !important;background-color: #ffffff !important;}&#8221;][vc_separator color=&#8221;custom&#8221; align=&#8221;align_left&#8221; border_width=&#8221;2&#8243; el_width=&#8221;10&#8243; accent_color=&#8221;#2fa836&#8243; css=&#8221;.vc_custom_1605821901129{padding-top: 32px !important;padding-bottom: 32px !important;}&#8221;][vc_single_image image=&#8221;4518&#8243; img_size=&#8221;300&#215;53&#8243;][vc_column_text]Fundada en 1972, Sarong fabrica m\u00e1quinas de producci\u00f3n y automatizaci\u00f3n de packaging. Su especialidad es el packaging monodosis, y ha desarrollado soluciones para la industria farmac\u00e9utica, el sector de cosm\u00e9ticos, alimentos, automotores y hogar.\u00a0<strong>Sarong<\/strong>\u00a0es una empresa reconocida mundialmente: el 90% de su producci\u00f3n de maquinarias est\u00e1 dedicada a la exportaci\u00f3n.[\/vc_column_text]<div class=\"text-right\"><a class=\"button border rounded custom\" href=\"https:\/\/www.sarong.it\/\" target=\"_blank\" style=\"border-width:1px;border-color:#2fa836;background-color:#ffffff;color:#2fa836;\" data-animation=\"fadeIn\"data-animation-delay=\"500\"><span>M\u00e1s info<\/span><\/a><\/div>[\/vc_column][vc_column width=&#8221;1\/2&#8243; css=&#8221;.vc_custom_1627492867321{background-image: url(https:\/\/branadc.com\/demo3\/wp-content\/uploads\/sites\/4\/2021\/07\/Sarong-1.jpg?id=4516) !important;background-position: center !important;background-repeat: no-repeat !important;background-size: cover !important;}&#8221;][\/vc_column][\/vc_row][vc_row full_width=&#8221;stretch_row_content&#8221; equal_height=&#8221;yes&#8221; el_class=&#8221;image-left-column&#8221;][vc_column width=&#8221;1\/2&#8243; css=&#8221;.vc_custom_1627493416661{background-image: url(https:\/\/branadc.com\/demo3\/wp-content\/uploads\/sites\/4\/2021\/07\/slide-bandejas-antiestaticas3.jpg?id=4359) !important;background-position: center !important;background-repeat: no-repeat !important;background-size: cover !important;}&#8221;][\/vc_column][vc_column width=&#8221;1\/2&#8243; css=&#8221;.vc_custom_1605822477388{padding-top: 60px !important;padding-right: 60px !important;padding-bottom: 60px !important;padding-left: 60px !important;}&#8221;][vc_separator color=&#8221;custom&#8221; align=&#8221;align_left&#8221; border_width=&#8221;2&#8243; el_width=&#8221;10&#8243; accent_color=&#8221;#2fa836&#8243; css=&#8221;.vc_custom_1605821901129{padding-top: 32px !important;padding-bottom: 32px !important;}&#8221;][vc_single_image image=&#8221;4522&#8243; img_size=&#8221;full&#8221;][vc_column_text]Storage Compat, es una empresa creada en Argentina, y con alcance regional, del Grupo Fami (Italia, 1929), que se especializa en la fabricaci\u00f3n de contenedores pl\u00e1sticos y mobiliario industrial.Sus productos est\u00e1n destinados incrementar la productividad de la industria en general, contribuyendo al medioambiente y disminuyendo el uso de medios descartables de los procesos productivos.[\/vc_column_text]<div class=\"text-right\"><a class=\"button border rounded custom\" href=\"https:\/\/branadc.com\/demo3\/division-esd\/\" target=\"_blank\" style=\"border-width:1px;border-color:#2fa836;background-color:#ffffff;color:#2fa836;\" data-animation=\"fadeIn\"data-animation-delay=\"500\"><span>M\u00e1s info<\/span><\/a><\/div>[\/vc_column][\/vc_row][vc_row full_width=&#8221;stretch_row&#8221; enable_overlay=&#8221;1&#8243; font_color=&#8221;#ffffff&#8221; overlay_image=&#8221;156&#8243; el_id=&#8221;contacto&#8221; css=&#8221;.vc_custom_1605891246395{margin-top: 0px !important;margin-right: 0px !important;margin-bottom: 0px !important;margin-left: 0px !important;border-top-width: 0px !important;border-right-width: 0px !important;border-bottom-width: 0px !important;border-left-width: 0px !important;padding-top: 0px !important;padding-right: 0px !important;padding-bottom: 0px !important;padding-left: 0px !important;background-color: #d8d9d8 !important;}&#8221;][vc_column css=&#8221;.vc_custom_1605816704665{margin-top: 0px !important;margin-right: 0px !important;margin-bottom: 0px !important;margin-left: 0px !important;border-top-width: 0px !important;border-right-width: 0px !important;border-bottom-width: 0px !important;border-left-width: 0px !important;padding-top: 0px !important;padding-right: 0px !important;padding-bottom: 0px !important;padding-left: 0px !important;}&#8221;][vc_empty_space height=&#8221;115px&#8221;][vc_row_inner equal_height=&#8221;yes&#8221; content_placement=&#8221;middle&#8221;][vc_column_inner width=&#8221;1\/2&#8243; css=&#8221;.vc_custom_1605817381369{padding-right: 15% !important;padding-left: 15% !important;}&#8221;]<div class=\"contact-form-module \"><form\r\n\t\t\t\t\taction=\"\/arg\/wp-json\/wp\/v2\/pages\/4670\"\r\n\t\t\t\t\tmethod=\"post\"\r\n\t\t\t\t\tname=\"contactForm1605817015712-aa756a6c-2a84\"\r\n\t\t\t\t\tid=\"contactForm1605817015712-aa756a6c-2a84\"\r\n\t\t\t\t\t\r\n\t\t\t        role=\"form\"\r\n\t\t\t        class=\"crumina-contact-form\"\r\n\t\t\t        ><div class=\"row\"><div class=\"col-md-6\"><div class=\"form-group \"><input type=\"text\" class=\"form-control required\" name=\"senderName1605817015712-aa756a6c-2a84\" placeholder=\"Nombre\" id=\"name1605817015712-aa756a6c-2a84\" aria-required=\"true\" value=\"\"><\/div><\/div><div class=\"col-md-6\"><div class=\"form-group \"><input type=\"email\" class=\"form-control required email\" name=\"senderEmail1605817015712-aa756a6c-2a84\" placeholder=\"Email\" id=\"email1605817015712-aa756a6c-2a84\" aria-required=\"true\" value=\"\"><\/div><\/div><\/div><div class=\"row\"><div class=\"col-md-12\"><div class=\"form-group \"><textarea class=\"form-control required\" name=\"comment1605817015712-aa756a6c-2a84\" rows=\"9\" placeholder=\"Mensaje\" id=\"comment1605817015712-aa756a6c-2a84\" aria-required=\"true\"><\/textarea><\/div><\/div><\/div><div class=\"row\"><div class=\"col-md-12\"><div class=\"form-group text-center\"><button class=\"btn button-light center\" type=\"submit\" id=\"form-submit\">REALIZAR LA CONSULTA<\/button><\/div><\/div><\/div><input type=\"hidden\" name=\"submitted1605817015712-aa756a6c-2a84\" id=\"submitted\" value=\"true\" \/><\/form><\/div>[\/vc_column_inner][vc_column_inner width=&#8221;1\/2&#8243; css=&#8221;.vc_custom_1605817389246{padding-right: 15% !important;padding-left: 15% !important;}&#8221;]<div class=\" heading-center\"><div class=\"m-b-80 \" data-animation=\"fadeIn\" ><h2 style=\"font-weight:600; font-size: 70px; color: #000000 !important; line-height: 4px; \">MANT\u00c9NGASE<\/h2><h2  style=\"font-size: 69px; color: #000000 !important; \">EN CONTACTO<\/h2><\/div><\/div>[\/vc_column_inner][\/vc_row_inner][vc_empty_space height=&#8221;115px&#8221;][\/vc_column][\/vc_row]<\/p>\n<\/section>","protected":false},"excerpt":{"rendered":"<p>[vc_row full_width=&#8221;stretch_row_content&#8221; equal_height=&#8221;yes&#8221; el_class=&#8221;image-left-column&#8221;][vc_column width=&#8221;1\/2&#8243; css=&#8221;.vc_custom_1627491872789{background-image: url(https:\/\/branadc.com\/demo3\/wp-content\/uploads\/sites\/4\/2021\/07\/bedford1-1.jpg?id=4511) !important;background-position: center !important;background-repeat: no-repeat !important;background-size: cover !important;}&#8221;][\/vc_column][vc_column width=&#8221;1\/2&#8243; css=&#8221;.vc_custom_1605822492013{padding-top: 60px !important;padding-right: 60px !important;padding-bottom: 60px !important;padding-left: 60px !important;}&#8221;][vc_separator color=&#8221;custom&#8221; align=&#8221;align_left&#8221; border_width=&#8221;2&#8243; el_width=&#8221;10&#8243; accent_color=&#8221;#2fa836&#8243; css=&#8221;.vc_custom_1605821901129{padding-top: 32px !important;padding-bottom: 32px !important;}&#8221;][vc_single_image image=&#8221;4436&#8243; img_size=&#8221;300&#215;85&#8243;][vc_column_text]Con 50 a\u00f1os de antig\u00fcedad, Industrias Bedford es una empresa l\u00edder en el desarrollo de soluciones de cierre e identificaci\u00f3n [&hellip;]<\/p>\n","protected":false},"author":1,"featured_media":0,"parent":0,"menu_order":0,"comment_status":"closed","ping_status":"closed","template":"","meta":{"_joinchat":[],"footnotes":""},"_links":{"self":[{"href":"https:\/\/www.bligraf.com\/arg\/wp-json\/wp\/v2\/pages\/4670"}],"collection":[{"href":"https:\/\/www.bligraf.com\/arg\/wp-json\/wp\/v2\/pages"}],"about":[{"href":"https:\/\/www.bligraf.com\/arg\/wp-json\/wp\/v2\/types\/page"}],"author":[{"embeddable":true,"href":"https:\/\/www.bligraf.com\/arg\/wp-json\/wp\/v2\/users\/1"}],"replies":[{"embeddable":true,"href":"https:\/\/www.bligraf.com\/arg\/wp-json\/wp\/v2\/comments?post=4670"}],"version-history":[{"count":0,"href":"https:\/\/www.bligraf.com\/arg\/wp-json\/wp\/v2\/pages\/4670\/revisions"}],"wp:attachment":[{"href":"https:\/\/www.bligraf.com\/arg\/wp-json\/wp\/v2\/media?parent=4670"}],"curies":[{"name":"wp","href":"https:\/\/api.w.org\/{rel}","templated":true}]}}