{"id":4671,"date":"2021-07-28T20:14:50","date_gmt":"2021-07-28T20:14:50","guid":{"rendered":"https:\/\/branadc.com\/demo3\/?page_id=4532"},"modified":"2021-08-16T19:34:35","modified_gmt":"2021-08-16T22:34:35","slug":"sarong-2","status":"publish","type":"page","link":"https:\/\/www.bligraf.com\/arg\/sarong-2\/","title":{"rendered":"Sarong"},"content":{"rendered":"<section class=\"wpb-content-wrapper\"><p>[vc_row full_width=&#8221;stretch_row&#8221; parallax=&#8221;content-moving&#8221; parallax_image=&#8221;7596&#8243; css_animation=&#8221;fadeIn&#8221; bg_type=&#8221;bg_color&#8221; bg_override=&#8221;full&#8221; bg_color_value=&#8221;#000000&#8243; el_id=&#8221;contacto&#8221; css=&#8221;.vc_custom_1629152821902{border-bottom-width: 2px !important;border-bottom-color: #fdbd3a !important;border-bottom-style: solid !important;}&#8221;][vc_column css=&#8221;.vc_custom_1614106519147{padding-top: 10% !important;padding-bottom: 10% !important;padding-left: 0px !important;}&#8221; offset=&#8221;vc_hidden-sm vc_hidden-xs&#8221;][vc_empty_space][vc_row_inner][vc_column_inner width=&#8221;2\/3&#8243;][vc_single_image image=&#8221;7602&#8243; img_size=&#8221;400&#215;48&#8243; css=&#8221;.vc_custom_1629152903083{margin-left: 0px !important;border-left-width: 0px !important;padding-left: 0px !important;}&#8221;][vc_column_text css=&#8221;.vc_custom_1627503571868{padding-right: 32px !important;}&#8221;]<span style=\"color: #ffffff;\">Fundada en 1972, Sarong fabrica m\u00e1quinas de producci\u00f3n y automatizaci\u00f3n de packaging. Su especialidad es el packaging monodosis, y ha desarrollado soluciones para la industria farmac\u00e9utica, el sector de cosm\u00e9ticos, alimentos, automotores y hogar. Sarong es una empresa reconocida mundialmente: el 90% de su producci\u00f3n de maquinarias est\u00e1 dedicada a la exportaci\u00f3n<\/span>[\/vc_column_text][\/vc_column_inner][vc_column_inner width=&#8221;1\/3&#8243;][vc_column_text]<div id=\"quform-9c4591\" class=\"quform quform-4 quform-support-page-caching\"><form id=\"quform-form-9c4591\" class=\"quform-form quform-form-4\" action=\"\/arg\/wp-json\/wp\/v2\/pages\/4671#quform-9c4591\" method=\"post\" enctype=\"multipart\/form-data\" novalidate=\"novalidate\" data-options=\"{&quot;id&quot;:4,&quot;uniqueId&quot;:&quot;9c4591&quot;,&quot;theme&quot;:&quot;&quot;,&quot;ajax&quot;:true,&quot;logic&quot;:{&quot;logic&quot;:[],&quot;dependents&quot;:[],&quot;elementIds&quot;:[],&quot;dependentElementIds&quot;:[],&quot;animate&quot;:true},&quot;currentPageId&quot;:1,&quot;errorsIcon&quot;:&quot;&quot;,&quot;updateFancybox&quot;:true,&quot;hasPages&quot;:false,&quot;pages&quot;:[1],&quot;pageProgressType&quot;:&quot;numbers&quot;,&quot;tooltipsEnabled&quot;:true,&quot;tooltipClasses&quot;:&quot;qtip-quform-dark qtip-shadow&quot;,&quot;tooltipMy&quot;:&quot;left center&quot;,&quot;tooltipAt&quot;:&quot;right center&quot;,&quot;isRtl&quot;:false,&quot;scrollOffset&quot;:-50,&quot;scrollSpeed&quot;:800}\"><button class=\"quform-default-submit\" name=\"quform_submit\" type=\"submit\" value=\"submit\" aria-hidden=\"true\" tabindex=\"-1\"><\/button><div class=\"quform-form-inner quform-form-inner-4\"><input type=\"hidden\" name=\"quform_form_id\" value=\"4\" \/><input type=\"hidden\" name=\"quform_form_uid\" value=\"9c4591\" \/><input type=\"hidden\" name=\"quform_count\" value=\"1\" \/><input type=\"hidden\" name=\"form_url\" value=\"https:\/\/www.bligraf.com\/arg\/wp-json\/wp\/v2\/pages\/4671\" \/><input type=\"hidden\" name=\"referring_url\" value=\"\" \/><input type=\"hidden\" name=\"post_id\" value=\"\" \/><input type=\"hidden\" name=\"post_title\" value=\"\" \/><input type=\"hidden\" name=\"quform_current_page_id\" value=\"1\" \/><input type=\"hidden\" name=\"quform_csrf_token\" value=\"wRd36vVQHZg2WKtOHl4yhhYFu0K39AZ13b1L6Uid\" \/><div class=\"quform-elements quform-elements-4 quform-cf quform-responsive-elements-phone-landscape\"><div class=\"quform-element quform-element-page quform-page-1 quform-page-4_1 quform-cf quform-group-style-plain quform-first-page quform-last-page quform-current-page\"><div class=\"quform-child-elements\"><div class=\"quform-element quform-element-name quform-element-4_3 quform-cf quform-element-optional\"><div class=\"quform-spacer\"><div class=\"quform-inner quform-inner-name quform-inner-4_3\"><div class=\"quform-input quform-input-name quform-input-4_3 quform-cf\"><div class=\"quform-element-row quform-2-columns quform-element-row-size-fixed quform-responsive-columns-phone-landscape\"><div class=\"quform-element-column\"><div class=\"quform-element quform-element-text quform-element-4_3_2 quform-cf quform-element-optional\"><div class=\"quform-spacer\"><div class=\"quform-inner quform-inner-text quform-inner-4_3_2\"><div class=\"quform-input quform-input-text quform-input-4_3_2 quform-cf\"><input type=\"text\" id=\"quform_4_3_2_9c4591\" name=\"quform_4_3[2]\" class=\"quform-field quform-field-text quform-field-4_3_2\" placeholder=\"Nombre\" \/><\/div><\/div><\/div><\/div><\/div><div class=\"quform-element-column\"><div class=\"quform-element quform-element-text quform-element-4_3_4 quform-cf quform-element-optional\"><div class=\"quform-spacer\"><div class=\"quform-inner quform-inner-text quform-inner-4_3_4\"><div class=\"quform-input quform-input-text quform-input-4_3_4 quform-cf\"><input type=\"text\" id=\"quform_4_3_4_9c4591\" name=\"quform_4_3[4]\" class=\"quform-field quform-field-text quform-field-4_3_4\" placeholder=\"Apellido\" \/><\/div><\/div><\/div><\/div><\/div><\/div><\/div><\/div><\/div><\/div><div class=\"quform-element quform-element-email quform-element-4_4 quform-cf quform-element-required\"><div class=\"quform-spacer\"><div class=\"quform-inner quform-inner-email quform-inner-4_4\"><div class=\"quform-input quform-input-email quform-input-4_4 quform-cf\"><input type=\"email\" id=\"quform_4_4_9c4591\" name=\"quform_4_4\" class=\"quform-field quform-field-email quform-field-4_4\" placeholder=\"Email\" \/><\/div><\/div><\/div><\/div><div class=\"quform-element quform-element-textarea quform-element-4_5 quform-cf quform-element-required\"><div class=\"quform-spacer\"><div class=\"quform-inner quform-inner-textarea quform-inner-4_5\"><div class=\"quform-input quform-input-textarea quform-input-4_5 quform-cf\"><textarea id=\"quform_4_5_9c4591\" name=\"quform_4_5\" class=\"quform-field quform-field-textarea quform-field-4_5\" placeholder=\"Consulta\"><\/textarea><\/div><\/div><\/div><\/div><div class=\"quform-element quform-element-recaptcha quform-element-4_12 quform-cf quform-element-required\"><div class=\"quform-spacer\"><div class=\"quform-label quform-label-4_12\"><label class=\"quform-label-text\">\u00bfEs usted humano?<span class=\"quform-required\">*<\/span><\/label><\/div><div class=\"quform-inner quform-inner-recaptcha quform-inner-4_12\"><div class=\"quform-input quform-input-recaptcha quform-input-4_12 quform-cf\"><div class=\"quform-hcaptcha\" data-config=\"{&quot;sitekey&quot;:&quot;c846cc84-d236-483f-964b-f7123db554a9&quot;,&quot;size&quot;:&quot;normal&quot;,&quot;theme&quot;:&quot;light&quot;}\"><\/div><noscript>Please enable JavaScript to submit this form.<\/noscript><\/div><\/div><\/div><\/div><div class=\"quform-element quform-element-submit quform-element-4_2 quform-cf quform-button-style-theme quform-button-width-full\"><div class=\"quform-button-submit quform-button-submit-default quform-button-submit-4_2\"><button name=\"quform_submit\" type=\"submit\" class=\"quform-submit\" value=\"submit\"><span class=\"quform-button-text quform-button-submit-text\">Enviar<\/span><\/button><\/div><div class=\"quform-loading quform-loading-position-left quform-loading-type-spinner-1\"><div class=\"quform-loading-inner\"><div class=\"quform-loading-spinner\"><div class=\"quform-loading-spinner-inner\"><\/div><\/div><\/div><\/div><\/div><div class=\"quform-element-tree\"><label for=\"quform_4_0_9c4591\">This field should be left blank<\/label><input type=\"text\" id=\"quform_4_0_9c4591\" name=\"quform_4_0\" class=\"quform-field quform-field-tree quform-field-4_0\" tabindex=\"-1\" autocomplete=\"off\" \/><\/div><\/div><\/div><\/div><\/div><\/form><\/div>[\/vc_column_text][\/vc_column_inner][\/vc_row_inner][vc_empty_space][\/vc_column][\/vc_row][vc_row gap=&#8221;10&#8243; equal_height=&#8221;yes&#8221; content_placement=&#8221;top&#8221;][vc_column css=&#8221;.vc_custom_1627480179888{padding-top: 32px !important;}&#8221;]<div class=\"carousel clients-carousel\" data-carousel-col=\"3\" data-carousel-dots=\"true\"  data-carousel-autoplay=\"true\"data-carousel-autoplay-delay=\"1000\"><div><img decoding=\"async\" src=\"https:\/\/www.bligraf.com\/arg\/wp-content\/uploads\/2021\/08\/8-1.jpg\" alt=\"8-1\"><\/div><div><img decoding=\"async\" src=\"https:\/\/www.bligraf.com\/arg\/wp-content\/uploads\/2021\/08\/7-1.jpg\" alt=\"7-1\"><\/div><div><img decoding=\"async\" src=\"https:\/\/www.bligraf.com\/arg\/wp-content\/uploads\/2021\/08\/6-2.jpg\" alt=\"6-2\"><\/div><div><img decoding=\"async\" src=\"https:\/\/www.bligraf.com\/arg\/wp-content\/uploads\/2021\/08\/4-2.jpg\" alt=\"4-2\"><\/div><div><img decoding=\"async\" src=\"https:\/\/www.bligraf.com\/arg\/wp-content\/uploads\/2021\/08\/3-2.jpg\" alt=\"3-2\"><\/div><div><img decoding=\"async\" src=\"https:\/\/www.bligraf.com\/arg\/wp-content\/uploads\/2021\/08\/2-2.jpg\" alt=\"2-2\"><\/div><div><img decoding=\"async\" src=\"https:\/\/www.bligraf.com\/arg\/wp-content\/uploads\/2021\/08\/1-2.jpg\" alt=\"1-2\"><\/div><\/div>[vc_separator css=&#8221;.vc_custom_1627480105408{padding-top: 32px !important;padding-bottom: 32px !important;}&#8221;][\/vc_column][\/vc_row][vc_row full_width=&#8221;stretch_row&#8221; enable_overlay=&#8221;1&#8243; font_color=&#8221;#ffffff&#8221; overlay_image=&#8221;156&#8243; el_id=&#8221;contacto&#8221; css=&#8221;.vc_custom_1605891246395{margin-top: 0px !important;margin-right: 0px !important;margin-bottom: 0px !important;margin-left: 0px !important;border-top-width: 0px !important;border-right-width: 0px !important;border-bottom-width: 0px !important;border-left-width: 0px !important;padding-top: 0px !important;padding-right: 0px !important;padding-bottom: 0px !important;padding-left: 0px !important;background-color: #d8d9d8 !important;}&#8221;][vc_column css=&#8221;.vc_custom_1605816704665{margin-top: 0px !important;margin-right: 0px !important;margin-bottom: 0px !important;margin-left: 0px !important;border-top-width: 0px !important;border-right-width: 0px !important;border-bottom-width: 0px !important;border-left-width: 0px !important;padding-top: 0px !important;padding-right: 0px !important;padding-bottom: 0px !important;padding-left: 0px !important;}&#8221;][vc_empty_space height=&#8221;115px&#8221;][vc_row_inner equal_height=&#8221;yes&#8221; content_placement=&#8221;middle&#8221;][vc_column_inner width=&#8221;1\/2&#8243; css=&#8221;.vc_custom_1605817381369{padding-right: 15% !important;padding-left: 15% !important;}&#8221;][vc_column_text]<div id=\"quform-eb647c\" class=\"quform quform-4 quform-support-page-caching\"><form id=\"quform-form-eb647c\" class=\"quform-form quform-form-4\" action=\"\/arg\/wp-json\/wp\/v2\/pages\/4671#quform-eb647c\" method=\"post\" enctype=\"multipart\/form-data\" novalidate=\"novalidate\" data-options=\"{&quot;id&quot;:4,&quot;uniqueId&quot;:&quot;eb647c&quot;,&quot;theme&quot;:&quot;&quot;,&quot;ajax&quot;:true,&quot;logic&quot;:{&quot;logic&quot;:[],&quot;dependents&quot;:[],&quot;elementIds&quot;:[],&quot;dependentElementIds&quot;:[],&quot;animate&quot;:true},&quot;currentPageId&quot;:1,&quot;errorsIcon&quot;:&quot;&quot;,&quot;updateFancybox&quot;:true,&quot;hasPages&quot;:false,&quot;pages&quot;:[1],&quot;pageProgressType&quot;:&quot;numbers&quot;,&quot;tooltipsEnabled&quot;:true,&quot;tooltipClasses&quot;:&quot;qtip-quform-dark qtip-shadow&quot;,&quot;tooltipMy&quot;:&quot;left center&quot;,&quot;tooltipAt&quot;:&quot;right center&quot;,&quot;isRtl&quot;:false,&quot;scrollOffset&quot;:-50,&quot;scrollSpeed&quot;:800}\"><button class=\"quform-default-submit\" name=\"quform_submit\" type=\"submit\" value=\"submit\" aria-hidden=\"true\" tabindex=\"-1\"><\/button><div class=\"quform-form-inner quform-form-inner-4\"><input type=\"hidden\" name=\"quform_form_id\" value=\"4\" \/><input type=\"hidden\" name=\"quform_form_uid\" value=\"eb647c\" \/><input type=\"hidden\" name=\"quform_count\" value=\"2\" \/><input type=\"hidden\" name=\"form_url\" value=\"https:\/\/www.bligraf.com\/arg\/wp-json\/wp\/v2\/pages\/4671\" \/><input type=\"hidden\" name=\"referring_url\" value=\"\" \/><input type=\"hidden\" name=\"post_id\" value=\"\" \/><input type=\"hidden\" name=\"post_title\" value=\"\" \/><input type=\"hidden\" name=\"quform_current_page_id\" value=\"1\" \/><input type=\"hidden\" name=\"quform_csrf_token\" value=\"wRd36vVQHZg2WKtOHl4yhhYFu0K39AZ13b1L6Uid\" \/><div class=\"quform-elements quform-elements-4 quform-cf quform-responsive-elements-phone-landscape\"><div class=\"quform-element quform-element-page quform-page-1 quform-page-4_1 quform-cf quform-group-style-plain quform-first-page quform-last-page quform-current-page\"><div class=\"quform-child-elements\"><div class=\"quform-element quform-element-name quform-element-4_3 quform-cf quform-element-optional\"><div class=\"quform-spacer\"><div class=\"quform-inner quform-inner-name quform-inner-4_3\"><div class=\"quform-input quform-input-name quform-input-4_3 quform-cf\"><div class=\"quform-element-row quform-2-columns quform-element-row-size-fixed quform-responsive-columns-phone-landscape\"><div class=\"quform-element-column\"><div class=\"quform-element quform-element-text quform-element-4_3_2 quform-cf quform-element-optional\"><div class=\"quform-spacer\"><div class=\"quform-inner quform-inner-text quform-inner-4_3_2\"><div class=\"quform-input quform-input-text quform-input-4_3_2 quform-cf\"><input type=\"text\" id=\"quform_4_3_2_eb647c\" name=\"quform_4_3[2]\" class=\"quform-field quform-field-text quform-field-4_3_2\" placeholder=\"Nombre\" \/><\/div><\/div><\/div><\/div><\/div><div class=\"quform-element-column\"><div class=\"quform-element quform-element-text quform-element-4_3_4 quform-cf quform-element-optional\"><div class=\"quform-spacer\"><div class=\"quform-inner quform-inner-text quform-inner-4_3_4\"><div class=\"quform-input quform-input-text quform-input-4_3_4 quform-cf\"><input type=\"text\" id=\"quform_4_3_4_eb647c\" name=\"quform_4_3[4]\" class=\"quform-field quform-field-text quform-field-4_3_4\" placeholder=\"Apellido\" \/><\/div><\/div><\/div><\/div><\/div><\/div><\/div><\/div><\/div><\/div><div class=\"quform-element quform-element-email quform-element-4_4 quform-cf quform-element-required\"><div class=\"quform-spacer\"><div class=\"quform-inner quform-inner-email quform-inner-4_4\"><div class=\"quform-input quform-input-email quform-input-4_4 quform-cf\"><input type=\"email\" id=\"quform_4_4_eb647c\" name=\"quform_4_4\" class=\"quform-field quform-field-email quform-field-4_4\" placeholder=\"Email\" \/><\/div><\/div><\/div><\/div><div class=\"quform-element quform-element-textarea quform-element-4_5 quform-cf quform-element-required\"><div class=\"quform-spacer\"><div class=\"quform-inner quform-inner-textarea quform-inner-4_5\"><div class=\"quform-input quform-input-textarea quform-input-4_5 quform-cf\"><textarea id=\"quform_4_5_eb647c\" name=\"quform_4_5\" class=\"quform-field quform-field-textarea quform-field-4_5\" placeholder=\"Consulta\"><\/textarea><\/div><\/div><\/div><\/div><div class=\"quform-element quform-element-recaptcha quform-element-4_12 quform-cf quform-element-required\"><div class=\"quform-spacer\"><div class=\"quform-label quform-label-4_12\"><label class=\"quform-label-text\">\u00bfEs usted humano?<span class=\"quform-required\">*<\/span><\/label><\/div><div class=\"quform-inner quform-inner-recaptcha quform-inner-4_12\"><div class=\"quform-input quform-input-recaptcha quform-input-4_12 quform-cf\"><div class=\"quform-hcaptcha\" data-config=\"{&quot;sitekey&quot;:&quot;c846cc84-d236-483f-964b-f7123db554a9&quot;,&quot;size&quot;:&quot;normal&quot;,&quot;theme&quot;:&quot;light&quot;}\"><\/div><noscript>Please enable JavaScript to submit this form.<\/noscript><\/div><\/div><\/div><\/div><div class=\"quform-element quform-element-submit quform-element-4_2 quform-cf quform-button-style-theme quform-button-width-full\"><div class=\"quform-button-submit quform-button-submit-default quform-button-submit-4_2\"><button name=\"quform_submit\" type=\"submit\" class=\"quform-submit\" value=\"submit\"><span class=\"quform-button-text quform-button-submit-text\">Enviar<\/span><\/button><\/div><div class=\"quform-loading quform-loading-position-left quform-loading-type-spinner-1\"><div class=\"quform-loading-inner\"><div class=\"quform-loading-spinner\"><div class=\"quform-loading-spinner-inner\"><\/div><\/div><\/div><\/div><\/div><div class=\"quform-element-tree\"><label for=\"quform_4_0_eb647c\">This field should be left blank<\/label><input type=\"text\" id=\"quform_4_0_eb647c\" name=\"quform_4_0\" class=\"quform-field quform-field-tree quform-field-4_0\" tabindex=\"-1\" autocomplete=\"off\" \/><\/div><\/div><\/div><\/div><\/div><\/form><\/div>[\/vc_column_text][\/vc_column_inner][vc_column_inner width=&#8221;1\/2&#8243; css=&#8221;.vc_custom_1605817389246{padding-right: 15% !important;padding-left: 15% !important;}&#8221;]<div class=\" heading-center\"><div class=\"m-b-80 \" data-animation=\"fadeIn\" ><h2 style=\"font-weight:600; font-size: 70px; color: #000000 !important; line-height: 4px; \">MANT\u00c9NGASE<\/h2><h2  style=\"font-size: 69px; color: #000000 !important; \">EN CONTACTO<\/h2><\/div><\/div>[\/vc_column_inner][\/vc_row_inner][vc_empty_space height=&#8221;115px&#8221;][\/vc_column][\/vc_row]<\/p>\n<\/section>","protected":false},"excerpt":{"rendered":"<p>[vc_row full_width=&#8221;stretch_row&#8221; parallax=&#8221;content-moving&#8221; parallax_image=&#8221;7596&#8243; css_animation=&#8221;fadeIn&#8221; bg_type=&#8221;bg_color&#8221; bg_override=&#8221;full&#8221; bg_color_value=&#8221;#000000&#8243; el_id=&#8221;contacto&#8221; css=&#8221;.vc_custom_1629152821902{border-bottom-width: 2px !important;border-bottom-color: #fdbd3a !important;border-bottom-style: solid !important;}&#8221;][vc_column css=&#8221;.vc_custom_1614106519147{padding-top: 10% !important;padding-bottom: 10% !important;padding-left: 0px !important;}&#8221; offset=&#8221;vc_hidden-sm vc_hidden-xs&#8221;][vc_empty_space][vc_row_inner][vc_column_inner width=&#8221;2\/3&#8243;][vc_single_image image=&#8221;7602&#8243; img_size=&#8221;400&#215;48&#8243; css=&#8221;.vc_custom_1629152903083{margin-left: 0px !important;border-left-width: 0px !important;padding-left: 0px !important;}&#8221;][vc_column_text css=&#8221;.vc_custom_1627503571868{padding-right: 32px !important;}&#8221;]Fundada en 1972, Sarong fabrica m\u00e1quinas de producci\u00f3n y automatizaci\u00f3n de packaging. Su especialidad es el packaging monodosis, [&hellip;]<\/p>\n","protected":false},"author":1,"featured_media":0,"parent":0,"menu_order":0,"comment_status":"closed","ping_status":"closed","template":"","meta":{"_joinchat":[],"footnotes":""},"_links":{"self":[{"href":"https:\/\/www.bligraf.com\/arg\/wp-json\/wp\/v2\/pages\/4671"}],"collection":[{"href":"https:\/\/www.bligraf.com\/arg\/wp-json\/wp\/v2\/pages"}],"about":[{"href":"https:\/\/www.bligraf.com\/arg\/wp-json\/wp\/v2\/types\/page"}],"author":[{"embeddable":true,"href":"https:\/\/www.bligraf.com\/arg\/wp-json\/wp\/v2\/users\/1"}],"replies":[{"embeddable":true,"href":"https:\/\/www.bligraf.com\/arg\/wp-json\/wp\/v2\/comments?post=4671"}],"version-history":[{"count":3,"href":"https:\/\/www.bligraf.com\/arg\/wp-json\/wp\/v2\/pages\/4671\/revisions"}],"predecessor-version":[{"id":7606,"href":"https:\/\/www.bligraf.com\/arg\/wp-json\/wp\/v2\/pages\/4671\/revisions\/7606"}],"wp:attachment":[{"href":"https:\/\/www.bligraf.com\/arg\/wp-json\/wp\/v2\/media?parent=4671"}],"curies":[{"name":"wp","href":"https:\/\/api.w.org\/{rel}","templated":true}]}}