{"id":4719,"date":"2021-08-15T19:03:03","date_gmt":"2021-08-15T22:03:03","guid":{"rendered":"https:\/\/www.bligraf.com\/arg\/?page_id=4719"},"modified":"2021-08-16T10:07:40","modified_gmt":"2021-08-16T13:07:40","slug":"news","status":"publish","type":"page","link":"https:\/\/www.bligraf.com\/arg\/en\/news\/","title":{"rendered":"NEWS"},"content":{"rendered":"<section class=\"wpb-content-wrapper\"><p>[vc_row css=&#8221;.vc_custom_1626650225844{padding-top: 10% !important;}&#8221;][vc_column][vc_column_text]<\/p>\n<h2 style=\"text-align: center;\">News<\/h2>\n<p>[\/vc_column_text][vc_separator color=&#8221;custom&#8221; el_width=&#8221;10&#8243; accent_color=&#8221;#34a936&#8243;][vc_empty_space]<div class=\"post-content post-block post-3-columns post-light-background clearfix\"><div class=\"post-item\"  ><div class=\"polo-feature-image-loop post-image\"><span class=\"post-category\"><a href=\"https:\/\/www.bligraf.com\/arg\/category\/noticias\/\">Noticias <\/a><\/span><a href=\"https:\/\/www.bligraf.com\/arg\/2024\/07\/15\/mes-de-la-mujer\/\"><img decoding=\"async\" src=\"https:\/\/www.bligraf.com\/arg\/wp-content\/uploads\/2024\/07\/2-400x267_c.jpg\" alt=\"\"><\/a><\/div><div class=\"post-content-details\"><div class=\"post-title\"><h3><a href=\"https:\/\/www.bligraf.com\/arg\/2024\/07\/15\/mes-de-la-mujer\/\">Mes de la Mujer<\/a><\/h3><\/div><div class=\"post-description\">Durante el mes de la mujer en Bligraf, llevamos a cabo una actividad cuyo objetivo fue cuidar de manera integral a la mujer en su ciclo de vida.<div class=\"post-info\"><a class=\"read-more\" href=\"https:\/\/www.bligraf.com\/arg\/2024\/07\/15\/mes-de-la-mujer\/\">read more<i class=\"fa fa-arrow-right\"><\/i><\/a><\/div><\/div><\/div><\/div><div class=\"post-item\"  ><div class=\"polo-feature-image-loop post-image\"><span class=\"post-category\"><a href=\"https:\/\/www.bligraf.com\/arg\/category\/noticias\/\">Noticias <\/a><\/span><a href=\"https:\/\/www.bligraf.com\/arg\/2024\/07\/15\/bligraf-4-0\/\"><img decoding=\"async\" src=\"https:\/\/www.bligraf.com\/arg\/wp-content\/uploads\/2024\/07\/1-400x267_c.jpg\" alt=\"\"><\/a><\/div><div class=\"post-content-details\"><div class=\"post-title\"><h3><a href=\"https:\/\/www.bligraf.com\/arg\/2024\/07\/15\/bligraf-4-0\/\">Bligraf 4.0<\/a><\/h3><\/div><div class=\"post-description\">En Bligraf, estamos comprometidos con la innovaci\u00f3n constante y la excelencia en nuestros servicios de Visual Packaging, etiquetado, dise\u00f1o, impresi\u00f3n, log\u00edstica general y almacenamiento. Nos enorgullece anunciar que estamos en&hellip;<div class=\"post-info\"><a class=\"read-more\" href=\"https:\/\/www.bligraf.com\/arg\/2024\/07\/15\/bligraf-4-0\/\">read more<i class=\"fa fa-arrow-right\"><\/i><\/a><\/div><\/div><\/div><\/div><div class=\"post-item\"  ><div class=\"polo-feature-image-loop post-image\"><span class=\"post-category\"><a href=\"https:\/\/www.bligraf.com\/arg\/category\/noticias\/\">Noticias <\/a><\/span><a href=\"https:\/\/www.bligraf.com\/arg\/2024\/01\/31\/bodega-med\/\"><img decoding=\"async\" src=\"https:\/\/www.bligraf.com\/arg\/wp-content\/uploads\/2024\/01\/BODEGA-MED-400x267_c.jpg\" alt=\"\"><\/a><\/div><div class=\"post-content-details\"><div class=\"post-title\"><h3><a href=\"https:\/\/www.bligraf.com\/arg\/2024\/01\/31\/bodega-med\/\">Bodega Med<\/a><\/h3><\/div><div class=\"post-description\">NUEVO SERVICIO DE BODEGA MED BODEGA MED, nace para dar respuesta a las necesidades de Log\u00edstica y almacenamiento de laboratorios y farmac\u00e9uticas. Ofrecemos un \u00e1rea limpia y un ambiente adecuado&hellip;<div class=\"post-info\"><a class=\"read-more\" href=\"https:\/\/www.bligraf.com\/arg\/2024\/01\/31\/bodega-med\/\">read more<i class=\"fa fa-arrow-right\"><\/i><\/a><\/div><\/div><\/div><\/div><div class=\"post-item\"  ><div class=\"polo-feature-image-loop post-image\"><span class=\"post-category\"><a href=\"https:\/\/www.bligraf.com\/arg\/category\/noticias\/\">Noticias <\/a><\/span><a href=\"https:\/\/www.bligraf.com\/arg\/2023\/06\/21\/presentamos-nuestro-nuevo-servicio-de-bodega-flexible\/\"><img decoding=\"async\" src=\"https:\/\/www.bligraf.com\/arg\/wp-content\/uploads\/2023\/06\/Nota-3-400x267_c.jpg\" alt=\"\"><\/a><\/div><div class=\"post-content-details\"><div class=\"post-title\"><h3><a href=\"https:\/\/www.bligraf.com\/arg\/2023\/06\/21\/presentamos-nuestro-nuevo-servicio-de-bodega-flexible\/\">PRESENTAMOS NUESTRO NUEVO SERVICIO DE BODEGA FLEXIBLE<\/a><\/h3><\/div><div class=\"post-description\">Bodega Flex es una nueva forma de entender el almacenaje. En \u00e9l, ofrecemos el triple de espacio, contratos a medida, controles de stock inteligentes, Pre entrega y Despacho. Todo ello,&hellip;<div class=\"post-info\"><a class=\"read-more\" href=\"https:\/\/www.bligraf.com\/arg\/2023\/06\/21\/presentamos-nuestro-nuevo-servicio-de-bodega-flexible\/\">read more<i class=\"fa fa-arrow-right\"><\/i><\/a><\/div><\/div><\/div><\/div><div class=\"post-item\"  ><div class=\"polo-feature-image-loop post-image\"><span class=\"post-category\"><a href=\"https:\/\/www.bligraf.com\/arg\/category\/noticias\/\">Noticias <\/a><\/span><a href=\"https:\/\/www.bligraf.com\/arg\/2023\/06\/21\/viaje-innovacion-y-representacion\/\"><img decoding=\"async\" src=\"https:\/\/www.bligraf.com\/arg\/wp-content\/uploads\/2023\/06\/nota-2-400x267_c.jpg\" alt=\"\"><\/a><\/div><div class=\"post-content-details\"><div class=\"post-title\"><h3><a href=\"https:\/\/www.bligraf.com\/arg\/2023\/06\/21\/viaje-innovacion-y-representacion\/\">VIAJE, INNOVACI\u00d3N Y REPRESENTACI\u00d3N<\/a><\/h3><\/div><div class=\"post-description\">En Bligraf, continuamos con nuestro compromiso con la innovaci\u00f3n, la tecnolog\u00eda y las \u00faltimas tendencias. En esta ocasi\u00f3n, de la mano de nuestro CEO @munne70 asistimos a la inauguraci\u00f3n de&hellip;<div class=\"post-info\"><a class=\"read-more\" href=\"https:\/\/www.bligraf.com\/arg\/2023\/06\/21\/viaje-innovacion-y-representacion\/\">read more<i class=\"fa fa-arrow-right\"><\/i><\/a><\/div><\/div><\/div><\/div><div class=\"post-item\"  ><div class=\"polo-feature-image-loop post-image\"><span class=\"post-category\"><a href=\"https:\/\/www.bligraf.com\/arg\/category\/noticias\/\">Noticias <\/a><\/span><a href=\"https:\/\/www.bligraf.com\/arg\/2023\/06\/21\/nueva-edicion-2\/\"><img decoding=\"async\" src=\"https:\/\/www.bligraf.com\/arg\/wp-content\/uploads\/2023\/06\/Nota-1-1-400x267_c.jpg\" alt=\"\"><\/a><\/div><div class=\"post-content-details\"><div class=\"post-title\"><h3><a href=\"https:\/\/www.bligraf.com\/arg\/2023\/06\/21\/nueva-edicion-2\/\">PROGRAMA DE PASANT\u00cdAS<\/a><\/h3><\/div><div class=\"post-description\">En Bligraf, creemos que impulsar el trabajo joven es esencial para el desarrollo y avance de nuestra comunidad. Por ello, como viene sucediendo en los \u00faltimos a\u00f1os; en alianza con&hellip;<div class=\"post-info\"><a class=\"read-more\" href=\"https:\/\/www.bligraf.com\/arg\/2023\/06\/21\/nueva-edicion-2\/\">read more<i class=\"fa fa-arrow-right\"><\/i><\/a><\/div><\/div><\/div><\/div><div class=\"post-item\"  ><div class=\"polo-feature-image-loop post-image\"><span class=\"post-category\"><a href=\"https:\/\/www.bligraf.com\/arg\/category\/noticias\/\">Noticias <\/a><\/span><a href=\"https:\/\/www.bligraf.com\/arg\/2023\/02\/27\/te-contamos-nuestro-trayecto-en-el-2022\/\"><img decoding=\"async\" src=\"https:\/\/www.bligraf.com\/arg\/wp-content\/uploads\/2023\/02\/Bitacora-400x267_c.jpg\" alt=\"\"><\/a><\/div><div class=\"post-content-details\"><div class=\"post-title\"><h3><a href=\"https:\/\/www.bligraf.com\/arg\/2023\/02\/27\/te-contamos-nuestro-trayecto-en-el-2022\/\">2022. TE CONTAMOS NUESTRO TRAYECTO<\/a><\/h3><\/div><div class=\"post-description\">[vc_row][vc_column][vc_row_inner][vc_column_inner][\/vc_column_inner][\/vc_row_inner][\/vc_column][\/vc_row]<div class=\"post-info\"><a class=\"read-more\" href=\"https:\/\/www.bligraf.com\/arg\/2023\/02\/27\/te-contamos-nuestro-trayecto-en-el-2022\/\">read more<i class=\"fa fa-arrow-right\"><\/i><\/a><\/div><\/div><\/div><\/div><div class=\"post-item\"  ><div class=\"polo-feature-image-loop post-image\"><span class=\"post-category\"><a href=\"https:\/\/www.bligraf.com\/arg\/category\/noticias\/\">Noticias <\/a><a href=\"https:\/\/www.bligraf.com\/arg\/category\/sustentabilidad\/\">Sustentabilidad <\/a><\/span><a href=\"https:\/\/www.bligraf.com\/arg\/2023\/02\/27\/estamos-certificdos\/\"><img decoding=\"async\" src=\"https:\/\/www.bligraf.com\/arg\/wp-content\/uploads\/2023\/02\/1-400x267_c.jpg\" alt=\"\"><\/a><\/div><div class=\"post-content-details\"><div class=\"post-title\"><h3><a href=\"https:\/\/www.bligraf.com\/arg\/2023\/02\/27\/estamos-certificdos\/\">ESTAMOS CERTIFICADOS!!!<\/a><\/h3><\/div><div class=\"post-description\">Nos complace informar que hemos sido certificados como Empresa B. Una certificaci\u00f3n que representa la conformidad de reglas, metodolog\u00edas, procesos y requisitos para la aprobaci\u00f3n de dicha certificaci\u00f3n, as\u00ed como&hellip;<div class=\"post-info\"><a class=\"read-more\" href=\"https:\/\/www.bligraf.com\/arg\/2023\/02\/27\/estamos-certificdos\/\">read more<i class=\"fa fa-arrow-right\"><\/i><\/a><\/div><\/div><\/div><\/div><div class=\"post-item\"  ><div class=\"polo-feature-image-loop post-image\"><span class=\"post-category\"><a href=\"https:\/\/www.bligraf.com\/arg\/category\/noticias\/\">Noticias <\/a><a href=\"https:\/\/www.bligraf.com\/arg\/category\/sustentabilidad\/\">Sustentabilidad <\/a><\/span><a href=\"https:\/\/www.bligraf.com\/arg\/2023\/02\/27\/fabrica-social-techo\/\"><img decoding=\"async\" src=\"https:\/\/www.bligraf.com\/arg\/wp-content\/uploads\/2023\/02\/3-400x267_c.jpg\" alt=\"\"><\/a><\/div><div class=\"post-content-details\"><div class=\"post-title\"><h3><a href=\"https:\/\/www.bligraf.com\/arg\/2023\/02\/27\/fabrica-social-techo\/\">F\u00c1BRICA SOCIAL TECHO<\/a><\/h3><\/div><div class=\"post-description\">Participamos de la inauguraci\u00f3n de la F\u00e1brica Social de Techo Argentina ubicada en el polo productivo de Gar\u00edn. Nos sentimos orgullosos de alentar el crecimiento de nuestra comunidad de Escobar&hellip;<div class=\"post-info\"><a class=\"read-more\" href=\"https:\/\/www.bligraf.com\/arg\/2023\/02\/27\/fabrica-social-techo\/\">read more<i class=\"fa fa-arrow-right\"><\/i><\/a><\/div><\/div><\/div><\/div><div class=\"post-item\"  ><div class=\"polo-feature-image-loop post-image\"><span class=\"post-category\"><a href=\"https:\/\/www.bligraf.com\/arg\/category\/noticias\/\">Noticias <\/a><\/span><a href=\"https:\/\/www.bligraf.com\/arg\/2023\/02\/27\/nonflict\/\"><img decoding=\"async\" src=\"https:\/\/www.bligraf.com\/arg\/wp-content\/uploads\/2023\/02\/2-400x267_c.jpg\" alt=\"\"><\/a><\/div><div class=\"post-content-details\"><div class=\"post-title\"><h3><a href=\"https:\/\/www.bligraf.com\/arg\/2023\/02\/27\/nonflict\/\">NONFLICT<\/a><\/h3><\/div><div class=\"post-description\">Seguimos sumando herramientas para nuestro equipo. En este caso, en el marco de charlas esenciales dictadas por Sabrina Rodr\u00edguez, un curso sobre la resoluci\u00f3n no violenta a los conflictos. La&hellip;<div class=\"post-info\"><a class=\"read-more\" href=\"https:\/\/www.bligraf.com\/arg\/2023\/02\/27\/nonflict\/\">read more<i class=\"fa fa-arrow-right\"><\/i><\/a><\/div><\/div><\/div><\/div><\/div>[\/vc_column][\/vc_row][vc_row full_width=&#8221;stretch_row&#8221; enable_overlay=&#8221;1&#8243; font_color=&#8221;#ffffff&#8221; overlay_image=&#8221;156&#8243; el_id=&#8221;contacto&#8221; css=&#8221;.vc_custom_1605891246395{margin-top: 0px !important;margin-right: 0px !important;margin-bottom: 0px !important;margin-left: 0px !important;border-top-width: 0px !important;border-right-width: 0px !important;border-bottom-width: 0px !important;border-left-width: 0px !important;padding-top: 0px !important;padding-right: 0px !important;padding-bottom: 0px !important;padding-left: 0px !important;background-color: #d8d9d8 !important;}&#8221;][vc_column css=&#8221;.vc_custom_1605816704665{margin-top: 0px !important;margin-right: 0px !important;margin-bottom: 0px !important;margin-left: 0px !important;border-top-width: 0px !important;border-right-width: 0px !important;border-bottom-width: 0px !important;border-left-width: 0px !important;padding-top: 0px !important;padding-right: 0px !important;padding-bottom: 0px !important;padding-left: 0px !important;}&#8221;][vc_empty_space height=&#8221;115px&#8221;][vc_row_inner equal_height=&#8221;yes&#8221; content_placement=&#8221;middle&#8221;][vc_column_inner width=&#8221;1\/2&#8243; css=&#8221;.vc_custom_1605817381369{padding-right: 15% !important;padding-left: 15% !important;}&#8221;][vc_column_text]<div id=\"quform-636029\" class=\"quform quform-5 quform-support-page-caching\"><form id=\"quform-form-636029\" class=\"quform-form quform-form-5\" action=\"\/arg\/wp-json\/wp\/v2\/pages\/4719#quform-636029\" method=\"post\" enctype=\"multipart\/form-data\" novalidate=\"novalidate\" data-options=\"{&quot;id&quot;:5,&quot;uniqueId&quot;:&quot;636029&quot;,&quot;theme&quot;:&quot;&quot;,&quot;ajax&quot;:true,&quot;logic&quot;:{&quot;logic&quot;:[],&quot;dependents&quot;:[],&quot;elementIds&quot;:[],&quot;dependentElementIds&quot;:[],&quot;animate&quot;:true},&quot;currentPageId&quot;:1,&quot;errorsIcon&quot;:&quot;&quot;,&quot;updateFancybox&quot;:true,&quot;hasPages&quot;:false,&quot;pages&quot;:[1],&quot;pageProgressType&quot;:&quot;numbers&quot;,&quot;tooltipsEnabled&quot;:true,&quot;tooltipClasses&quot;:&quot;qtip-quform-dark qtip-shadow&quot;,&quot;tooltipMy&quot;:&quot;left center&quot;,&quot;tooltipAt&quot;:&quot;right center&quot;,&quot;isRtl&quot;:false,&quot;scrollOffset&quot;:-50,&quot;scrollSpeed&quot;:800}\"><button class=\"quform-default-submit\" name=\"quform_submit\" type=\"submit\" value=\"submit\" aria-hidden=\"true\" tabindex=\"-1\"><\/button><div class=\"quform-form-inner quform-form-inner-5\"><input type=\"hidden\" name=\"quform_form_id\" value=\"5\" \/><input type=\"hidden\" name=\"quform_form_uid\" value=\"636029\" \/><input type=\"hidden\" name=\"quform_count\" value=\"1\" \/><input type=\"hidden\" name=\"form_url\" value=\"https:\/\/www.bligraf.com\/arg\/wp-json\/wp\/v2\/pages\/4719\" \/><input type=\"hidden\" name=\"referring_url\" value=\"\" \/><input type=\"hidden\" name=\"post_id\" value=\"\" \/><input type=\"hidden\" name=\"post_title\" value=\"\" \/><input type=\"hidden\" name=\"quform_current_page_id\" value=\"1\" \/><input type=\"hidden\" name=\"quform_csrf_token\" value=\"bB8lcfRbB1QbUeSdUAg4Q86K0uJtbv5LPx6apA0k\" \/><div class=\"quform-elements quform-elements-5 quform-cf quform-responsive-elements-phone-landscape\"><div class=\"quform-element quform-element-page quform-page-1 quform-page-5_1 quform-cf quform-group-style-plain quform-first-page quform-last-page quform-current-page\"><div class=\"quform-child-elements\"><div class=\"quform-element quform-element-name quform-element-5_3 quform-cf quform-element-optional\"><div class=\"quform-spacer\"><div class=\"quform-inner quform-inner-name quform-inner-5_3\"><div class=\"quform-input quform-input-name quform-input-5_3 quform-cf\"><div class=\"quform-element-row quform-2-columns quform-element-row-size-fixed quform-responsive-columns-phone-landscape\"><div class=\"quform-element-column\"><div class=\"quform-element quform-element-text quform-element-5_3_2 quform-cf quform-element-optional\"><div class=\"quform-spacer\"><div class=\"quform-inner quform-inner-text quform-inner-5_3_2\"><div class=\"quform-input quform-input-text quform-input-5_3_2 quform-cf\"><input type=\"text\" id=\"quform_5_3_2_636029\" name=\"quform_5_3[2]\" class=\"quform-field quform-field-text quform-field-5_3_2\" placeholder=\"First Name\" \/><\/div><\/div><\/div><\/div><\/div><div class=\"quform-element-column\"><div class=\"quform-element quform-element-text quform-element-5_3_4 quform-cf quform-element-optional\"><div class=\"quform-spacer\"><div class=\"quform-inner quform-inner-text quform-inner-5_3_4\"><div class=\"quform-input quform-input-text quform-input-5_3_4 quform-cf\"><input type=\"text\" id=\"quform_5_3_4_636029\" name=\"quform_5_3[4]\" class=\"quform-field quform-field-text quform-field-5_3_4\" placeholder=\"Last Name\" \/><\/div><\/div><\/div><\/div><\/div><\/div><\/div><\/div><\/div><\/div><div class=\"quform-element quform-element-email quform-element-5_4 quform-cf quform-element-required\"><div class=\"quform-spacer\"><div class=\"quform-inner quform-inner-email quform-inner-5_4\"><div class=\"quform-input quform-input-email quform-input-5_4 quform-cf\"><input type=\"email\" id=\"quform_5_4_636029\" name=\"quform_5_4\" class=\"quform-field quform-field-email quform-field-5_4\" placeholder=\"Email Address\" \/><\/div><\/div><\/div><\/div><div class=\"quform-element quform-element-textarea quform-element-5_5 quform-cf quform-element-required\"><div class=\"quform-spacer\"><div class=\"quform-inner quform-inner-textarea quform-inner-5_5\"><div class=\"quform-input quform-input-textarea quform-input-5_5 quform-cf\"><textarea id=\"quform_5_5_636029\" name=\"quform_5_5\" class=\"quform-field quform-field-textarea quform-field-5_5\" placeholder=\"Message\"><\/textarea><\/div><\/div><\/div><\/div><div class=\"quform-element quform-element-recaptcha quform-element-5_8 quform-cf quform-element-required\"><div class=\"quform-spacer\"><div class=\"quform-label quform-label-5_8\"><label class=\"quform-label-text\">\u00bfEs usted humano?<span class=\"quform-required\">*<\/span><\/label><\/div><div class=\"quform-inner quform-inner-recaptcha quform-inner-5_8\"><div class=\"quform-input quform-input-recaptcha quform-input-5_8 quform-cf\"><div class=\"quform-hcaptcha\" data-config=\"{&quot;sitekey&quot;:&quot;c846cc84-d236-483f-964b-f7123db554a9&quot;,&quot;size&quot;:&quot;normal&quot;,&quot;theme&quot;:&quot;light&quot;}\"><\/div><noscript>Please enable JavaScript to submit this form.<\/noscript><\/div><\/div><\/div><\/div><div class=\"quform-element quform-element-submit quform-element-5_2 quform-cf quform-button-style-theme quform-button-width-full\"><div class=\"quform-button-submit quform-button-submit-default quform-button-submit-5_2\"><button name=\"quform_submit\" type=\"submit\" class=\"quform-submit\" value=\"submit\"><span class=\"quform-button-text quform-button-submit-text\">Send<\/span><\/button><\/div><div class=\"quform-loading quform-loading-position-left quform-loading-type-spinner-1\"><div class=\"quform-loading-inner\"><div class=\"quform-loading-spinner\"><div class=\"quform-loading-spinner-inner\"><\/div><\/div><\/div><\/div><\/div><div class=\"quform-element-tree\"><label for=\"quform_5_0_636029\">This field should be left blank<\/label><input type=\"text\" id=\"quform_5_0_636029\" name=\"quform_5_0\" class=\"quform-field quform-field-tree quform-field-5_0\" tabindex=\"-1\" autocomplete=\"off\" \/><\/div><\/div><\/div><\/div><\/div><\/form><\/div>[\/vc_column_text][\/vc_column_inner][vc_column_inner width=&#8221;1\/2&#8243; css=&#8221;.vc_custom_1605817389246{padding-right: 15% !important;padding-left: 15% !important;}&#8221;]<div class=\" heading-center\"><div class=\"m-b-80 \" data-animation=\"fadeIn\" ><h2 style=\"font-weight:600; font-size: 70px; color: #000000 !important; line-height: 4px; \">MANT\u00c9NGASE<\/h2><h2  style=\"font-size: 69px; color: #000000 !important; \">EN CONTACTO<\/h2><\/div><\/div>[\/vc_column_inner][\/vc_row_inner][vc_empty_space height=&#8221;115px&#8221;][\/vc_column][\/vc_row]<\/p>\n<\/section>","protected":false},"excerpt":{"rendered":"<p>[vc_row css=&#8221;.vc_custom_1626650225844{padding-top: 10% !important;}&#8221;][vc_column][vc_column_text] News [\/vc_column_text][vc_separator color=&#8221;custom&#8221; el_width=&#8221;10&#8243; accent_color=&#8221;#34a936&#8243;][vc_empty_space][\/vc_column][\/vc_row][vc_row full_width=&#8221;stretch_row&#8221; enable_overlay=&#8221;1&#8243; font_color=&#8221;#ffffff&#8221; overlay_image=&#8221;156&#8243; el_id=&#8221;contacto&#8221; css=&#8221;.vc_custom_1605891246395{margin-top: 0px !important;margin-right: 0px !important;margin-bottom: 0px !important;margin-left: 0px !important;border-top-width: 0px !important;border-right-width: 0px !important;border-bottom-width: 0px !important;border-left-width: 0px !important;padding-top: 0px !important;padding-right: 0px !important;padding-bottom: 0px !important;padding-left: 0px !important;background-color: #d8d9d8 !important;}&#8221;][vc_column css=&#8221;.vc_custom_1605816704665{margin-top: 0px !important;margin-right: 0px !important;margin-bottom: 0px !important;margin-left: 0px !important;border-top-width: 0px !important;border-right-width: 0px !important;border-bottom-width: 0px [&hellip;]<\/p>\n","protected":false},"author":1,"featured_media":0,"parent":0,"menu_order":0,"comment_status":"closed","ping_status":"closed","template":"","meta":{"_joinchat":[],"footnotes":""},"_links":{"self":[{"href":"https:\/\/www.bligraf.com\/arg\/wp-json\/wp\/v2\/pages\/4719"}],"collection":[{"href":"https:\/\/www.bligraf.com\/arg\/wp-json\/wp\/v2\/pages"}],"about":[{"href":"https:\/\/www.bligraf.com\/arg\/wp-json\/wp\/v2\/types\/page"}],"author":[{"embeddable":true,"href":"https:\/\/www.bligraf.com\/arg\/wp-json\/wp\/v2\/users\/1"}],"replies":[{"embeddable":true,"href":"https:\/\/www.bligraf.com\/arg\/wp-json\/wp\/v2\/comments?post=4719"}],"version-history":[{"count":3,"href":"https:\/\/www.bligraf.com\/arg\/wp-json\/wp\/v2\/pages\/4719\/revisions"}],"predecessor-version":[{"id":7315,"href":"https:\/\/www.bligraf.com\/arg\/wp-json\/wp\/v2\/pages\/4719\/revisions\/7315"}],"wp:attachment":[{"href":"https:\/\/www.bligraf.com\/arg\/wp-json\/wp\/v2\/media?parent=4719"}],"curies":[{"name":"wp","href":"https:\/\/api.w.org\/{rel}","templated":true}]}}