{"id":7923,"date":"2022-12-13T14:02:29","date_gmt":"2022-12-13T17:02:29","guid":{"rendered":"https:\/\/www.bligraf.com\/arg\/?page_id=7923"},"modified":"2025-11-28T16:13:15","modified_gmt":"2025-11-28T19:13:15","slug":"politica-ambiental","status":"publish","type":"page","link":"https:\/\/www.bligraf.com\/arg\/politica-ambiental\/","title":{"rendered":"POLITICA AMBIENTAL"},"content":{"rendered":"<section class=\"wpb-content-wrapper\"><p>[vc_row css=&#8221;.vc_custom_1670951154055{padding-top: 10% !important;padding-right: 32px !important;padding-left: 32px !important;}&#8221;][vc_column][vc_column_text]<\/p>\n<h2><img loading=\"lazy\" decoding=\"async\" class=\"size-full wp-image-8406 aligncenter\" src=\"https:\/\/www.bligraf.com\/arg\/wp-content\/uploads\/2025\/11\/bligraf-logo-1.jpg\" alt=\"\" width=\"240\" height=\"131\" \/><\/h2>\n<p>[\/vc_column_text][vc_column_text]<\/p>\n<h2>POL\u00cdTICA AMBIENTAL<\/h2>\n<p>[\/vc_column_text][vc_column_text]<\/p>\n<p>BLIGRAF S.A., dedicada a Transformaci\u00f3n de Productos Pl\u00e1sticos, fija la presente Pol\u00edtica Ambiental para las<br \/>\nPlantas 1 y 2, con el objetivo de prevenir la Contaminaci\u00f3n Ambiental por lo que se compromete a:<\/p>\n<ul>\n<li style=\"font-weight: 400;\"><strong>Mejora Continua:<\/strong> Desarrollar y promover mejoras ambientales continuas mediante la implementaci\u00f3n de<br \/>\nplanes de accion, estableciendo metas y objetivos progresivos.<\/li>\n<li style=\"font-weight: 400;\"><strong>Prevenci\u00f3n de la contaminaci\u00f3n:<\/strong> Utilizar tecnolog\u00edas ambientales, econ\u00f3micamente viables de<br \/>\nimplementar, con el prop\u00f3sito de minimizar impactos potenciales.<\/li>\n<li style=\"font-weight: 400;\"><strong>Cumplimientos legales y otros requerimientos:<\/strong> Cumplir con Requisitos Legales vinculados a los Aspectos<br \/>\nAmbientales Significativos y otros requerimientos a los que BLIGRAF S.A. adhiere .<\/li>\n<li style=\"font-weight: 400;\"><strong>Control de los recursos:<\/strong> Controlar el consumo de los recursos utilizados y gestionar adecuadamente los<br \/>\nresiduos generados.<\/li>\n<li style=\"font-weight: 400;\"><strong>Concientizaci\u00f3n Ambiental:<\/strong> Capacitar y concientizar al personal en el uso de pr\u00e1cticas tendientes a<br \/>\nminimizar los impactos ambientales asociados con el trabajo.<br \/>\nVelar por la conservacion, el restablecimiento y el uso sostenible de los ecosistemas terrestres a traves de la<br \/>\nagricultura local.<\/li>\n<li style=\"font-weight: 400;\"><strong>Comunicaci\u00f3n:<\/strong> Comunicar esta Pol\u00edtica a todos nuestros empleados y a todo interesado que as\u00ed lo solicite.<\/li>\n<\/ul>\n<p>[\/vc_column_text][vc_row_inner][vc_column_inner width=&#8221;1\/3&#8243;][\/vc_column_inner][vc_column_inner width=&#8221;1\/3&#8243;][\/vc_column_inner][vc_column_inner width=&#8221;1\/3&#8243;]<div class=\"text-center \"  ><div class=\"\"><img decoding=\"async\" src=\"https:\/\/www.bligraf.com\/arg\/wp-content\/uploads\/2022\/12\/firma-munne-2-210x117_c.jpg\" style=\"margin-bottom:16px;\" class=\"main-image\"><\/div><p>Noviembre 2024 - Rev. 3<\/p><\/div>[\/vc_column_inner][\/vc_row_inner][\/vc_column][\/vc_row]<\/p>\n<\/section>","protected":false},"excerpt":{"rendered":"<p>[vc_row css=&#8221;.vc_custom_1670951154055{padding-top: 10% !important;padding-right: 32px !important;padding-left: 32px !important;}&#8221;][vc_column][vc_column_text] [\/vc_column_text][vc_column_text] POL\u00cdTICA AMBIENTAL [\/vc_column_text][vc_column_text] BLIGRAF S.A., dedicada a Transformaci\u00f3n de Productos Pl\u00e1sticos, fija la presente Pol\u00edtica Ambiental para las Plantas 1 y 2, con el objetivo de prevenir la Contaminaci\u00f3n Ambiental por lo que se compromete a: Mejora Continua: Desarrollar y promover mejoras ambientales continuas mediante la [&hellip;]<\/p>\n","protected":false},"author":1,"featured_media":0,"parent":0,"menu_order":0,"comment_status":"closed","ping_status":"closed","template":"","meta":{"_joinchat":[],"footnotes":""},"_links":{"self":[{"href":"https:\/\/www.bligraf.com\/arg\/wp-json\/wp\/v2\/pages\/7923"}],"collection":[{"href":"https:\/\/www.bligraf.com\/arg\/wp-json\/wp\/v2\/pages"}],"about":[{"href":"https:\/\/www.bligraf.com\/arg\/wp-json\/wp\/v2\/types\/page"}],"author":[{"embeddable":true,"href":"https:\/\/www.bligraf.com\/arg\/wp-json\/wp\/v2\/users\/1"}],"replies":[{"embeddable":true,"href":"https:\/\/www.bligraf.com\/arg\/wp-json\/wp\/v2\/comments?post=7923"}],"version-history":[{"count":14,"href":"https:\/\/www.bligraf.com\/arg\/wp-json\/wp\/v2\/pages\/7923\/revisions"}],"predecessor-version":[{"id":8408,"href":"https:\/\/www.bligraf.com\/arg\/wp-json\/wp\/v2\/pages\/7923\/revisions\/8408"}],"wp:attachment":[{"href":"https:\/\/www.bligraf.com\/arg\/wp-json\/wp\/v2\/media?parent=7923"}],"curies":[{"name":"wp","href":"https:\/\/api.w.org\/{rel}","templated":true}]}}